{"id":7652,"date":"2026-04-13T11:23:36","date_gmt":"2026-04-13T10:23:36","guid":{"rendered":"https:\/\/fit2grow.io\/?page_id=7652"},"modified":"2026-04-13T11:23:36","modified_gmt":"2026-04-13T10:23:36","slug":"cookie-policy","status":"publish","type":"page","link":"https:\/\/fit2grow.io\/de\/cookie-policy\/","title":{"rendered":"Cookie-Richtlinie"},"content":{"rendered":"<div class=\"wpb-content-wrapper\"><section id=\"ut-section-69ecdd6b8e283\" data-section-title=\"About Section = Has BG Image\" data-vc-full-width=\"true\" data-vc-full-width-init=\"false\" data-cursor-skin=\"global\" class=\"vc_section ut-vc-120 vc_section-has-no-fill ut-section-69ecdd6b8e28c bklyn-section-with-overlay-effect ut-section-with-linking\"><a id=\"section-services\" data-id=\"section-services\" class=\"ut-vc-offset-anchor-top\" name=\"section-services\">Services<\/a><div id=\"ut-section-overlay-effect-69ecdd6b8e373\" class=\"bklyn-overlay-effect\" data-effect=\"particle\" data-effect-config='{\"particles\":{\"number\":{\"value\":\"20\",\"density\":{\"value_area\":\"800\"}},\"move\":{\"speed\":\"1\",\"out_mode\":\"out\",\"direction\":\"none\"},\"shape\":{\"type\":\"circle\"},\"color\":{\"value\":\"#d5051f\"},\"line_linked\":{\"color\":\"#000000\",\"opacity\":\"0\",\"enable\":false},\"opacity\":{\"random\":true,\"anim\":{\"enable\":true,\"speed\":1}},\"size\":{\"value\":\"3\",\"random\":true}},\"interactivity\":{\"events\":{\"onhover\":{\"enable\":false,\"mode\":\"repulse\"},\"onclick\":{\"enable\":false},\"resize\":false},\"modes\":{\"bubble\":{\"size\":\"6\",\"distance\":400,\"opacity\":0},\"grab\":{\"distance\":400}}},\"retina_detect\":true}'><\/div><div id=\"ut-row-69ecdd6b8e835\" data-vc-full-width=\"true\" data-vc-full-width-init=\"false\" class=\"vc_row wpb_row vc_row-fluid vc_column-gap-0 ut-animate-element animated ut-no-animation-tablet ut-no-animation-mobile ut-row-69ecdd6b8e946\" data-effect=\"fadeIn\" data-animateonce=\"yes\" data-delay=\"100\" data-animation-duration=\"1.5s\"><div class=\"wpb_column vc_column_container vc_col-sm-12 vc_col-lg-offset-2 vc_col-lg-8\" ><div id=\"ut_inner_column_69ecdd6b8eeaf\" class=\"vc_column-inner\" ><div class=\"wpb_wrapper\"><div class=\"wpb_content_element\"><style type=\"text\/css\">#ut_header_69ecdd6b8f134 h1.section-title { font-size:65px !important;line-height:90px !important;letter-spacing:-0.03em; }<\/style><header id=\"ut_header_69ecdd6b8f134\" class=\"section-header  ut-no-lead-linebreak-mobile ut-no-lead-linebreak-tablet pt-style-7 header-center header-tablet-center header-mobile-center element-with-custom-line-height\"><div class=\"element-with-custom-line-height ut-simple-glitch-text-permanent ut-simple-glitch-text-style-2-permanent\" ><h1 data-title=\"Cookie Policy\"  data-responsive-font=\"section_title\" data-responsive-font-settings=\"{&quot;base-font-size&quot;:&quot;65&quot;,&quot;font-size-unit&quot;:&quot;px&quot;,&quot;font-size&quot;:{&quot;desktop_large&quot;:&quot;65&quot;},&quot;base-line-height&quot;:&quot;90&quot;,&quot;line-height-unit&quot;:&quot;px&quot;,&quot;line-height&quot;:{&quot;desktop_large&quot;:&quot;90&quot;},&quot;base-letter-spacing&quot;:&quot;global&quot;,&quot;letter-spacing&quot;:{&quot;desktop_large&quot;:&quot;-0.03&quot;}}\" class=\"section-title\"><span>Cookie-Richtlinie<\/span><\/h1><\/div><\/header><\/div>\r\n\t<div class=\"wpb_text_column wpb_content_element\" >\r\n\t\t<div class=\"wpb_wrapper\">\r\n\t\t\t<p><script id=\"CookieDeclaration\" src=\"https:\/\/consent.cookiebot.com\/676a4e56-907d-4cc1-8618-85e306a46261\/cd.js\" type=\"text\/javascript\" async><\/script><\/p>\n\r\n\t\t<\/div>\r\n\t<\/div>\r\n<\/div><\/div><\/div><\/div><div class=\"vc_row-full-width vc_clearfix\"><\/div><a data-id=\"section-services\" class=\"ut-vc-offset-anchor-bottom\" name=\"section-services\">Services<\/a><style type=\"text\/css\">#ut-section-69ecdd6b8e283{background-position:center center !important;;background-repeat: no-repeat !important;background-size: cover !important;} <\/style><\/section><div class=\"vc_row-full-width vc_clearfix\"><\/div>\n<\/div>","protected":false},"excerpt":{"rendered":"ServicesCookie Policy Services","protected":false},"author":1,"featured_media":0,"parent":0,"menu_order":0,"comment_status":"closed","ping_status":"closed","template":"","meta":{"_vp_format_video_url":"","_vp_image_focal_point":[],"footnotes":""},"class_list":["post-7652","page","type-page","status-publish","hentry"],"yoast_head":"<!-- This site is optimized with the Yoast SEO plugin v27.4 - https:\/\/yoast.com\/product\/yoast-seo-wordpress\/ -->\n<title>Cookie Policy | Fit 2 Grow<\/title>\n<meta name=\"robots\" content=\"noindex, nofollow\" \/>\n<meta property=\"og:locale\" content=\"de_DE\" \/>\n<meta property=\"og:type\" content=\"article\" \/>\n<meta property=\"og:title\" content=\"Cookie Policy | Fit 2 Grow\" \/>\n<meta property=\"og:url\" content=\"https:\/\/fit2grow.io\/de\/cookie-policy\/\" \/>\n<meta property=\"og:site_name\" content=\"fit2grow.io\" \/>\n<meta name=\"twitter:card\" content=\"summary_large_image\" \/>\n<meta name=\"twitter:label1\" content=\"Gesch\u00e4tzte Lesezeit\" \/>\n\t<meta name=\"twitter:data1\" content=\"7\u00a0Minuten\" \/>\n<script type=\"application\/ld+json\" class=\"yoast-schema-graph\">{\"@context\":\"https:\\\/\\\/schema.org\",\"@graph\":[{\"@type\":\"WebPage\",\"@id\":\"https:\\\/\\\/fit2grow.io\\\/cookie-policy\\\/\",\"url\":\"https:\\\/\\\/fit2grow.io\\\/cookie-policy\\\/\",\"name\":\"Cookie Policy | Fit 2 Grow\",\"isPartOf\":{\"@id\":\"https:\\\/\\\/fit2grow.io\\\/#website\"},\"datePublished\":\"2026-04-13T10:23:36+00:00\",\"breadcrumb\":{\"@id\":\"https:\\\/\\\/fit2grow.io\\\/cookie-policy\\\/#breadcrumb\"},\"inLanguage\":\"de\",\"potentialAction\":[{\"@type\":\"ReadAction\",\"target\":[\"https:\\\/\\\/fit2grow.io\\\/cookie-policy\\\/\"]}]},{\"@type\":\"BreadcrumbList\",\"@id\":\"https:\\\/\\\/fit2grow.io\\\/cookie-policy\\\/#breadcrumb\",\"itemListElement\":[{\"@type\":\"ListItem\",\"position\":1,\"name\":\"Home\",\"item\":\"https:\\\/\\\/fit2grow.io\\\/\"},{\"@type\":\"ListItem\",\"position\":2,\"name\":\"Cookie Policy\"}]},{\"@type\":\"WebSite\",\"@id\":\"https:\\\/\\\/fit2grow.io\\\/#website\",\"url\":\"https:\\\/\\\/fit2grow.io\\\/\",\"name\":\"fit2grow.io\",\"description\":\"Webanalitika, n\u00f6veked\u00e9s \u00f6szt\u00f6nz\u00e9s\",\"publisher\":{\"@id\":\"https:\\\/\\\/fit2grow.io\\\/#organization\"},\"potentialAction\":[{\"@type\":\"SearchAction\",\"target\":{\"@type\":\"EntryPoint\",\"urlTemplate\":\"https:\\\/\\\/fit2grow.io\\\/?s={search_term_string}\"},\"query-input\":{\"@type\":\"PropertyValueSpecification\",\"valueRequired\":true,\"valueName\":\"search_term_string\"}}],\"inLanguage\":\"de\"},{\"@type\":\"Organization\",\"@id\":\"https:\\\/\\\/fit2grow.io\\\/#organization\",\"name\":\"fit2grow.io\",\"url\":\"https:\\\/\\\/fit2grow.io\\\/\",\"logo\":{\"@type\":\"ImageObject\",\"inLanguage\":\"de\",\"@id\":\"https:\\\/\\\/fit2grow.io\\\/#\\\/schema\\\/logo\\\/image\\\/\",\"url\":\"https:\\\/\\\/fit2grow.io\\\/wp-content\\\/uploads\\\/2023\\\/01\\\/cropped-Fit2Grow-icon-inverse.png\",\"contentUrl\":\"https:\\\/\\\/fit2grow.io\\\/wp-content\\\/uploads\\\/2023\\\/01\\\/cropped-Fit2Grow-icon-inverse.png\",\"width\":512,\"height\":512,\"caption\":\"fit2grow.io\"},\"image\":{\"@id\":\"https:\\\/\\\/fit2grow.io\\\/#\\\/schema\\\/logo\\\/image\\\/\"},\"sameAs\":[\"https:\\\/\\\/www.linkedin.com\\\/company\\\/42431305\\\/\"]}]}<\/script>\n<!-- \/ Yoast SEO plugin. -->","yoast_head_json":{"title":"Cookie Policy | Fit 2 Grow","robots":{"index":"noindex","follow":"nofollow"},"og_locale":"de_DE","og_type":"article","og_title":"Cookie Policy | Fit 2 Grow","og_url":"https:\/\/fit2grow.io\/de\/cookie-policy\/","og_site_name":"fit2grow.io","twitter_card":"summary_large_image","twitter_misc":{"Gesch\u00e4tzte Lesezeit":"7\u00a0Minuten"},"schema":{"@context":"https:\/\/schema.org","@graph":[{"@type":"WebPage","@id":"https:\/\/fit2grow.io\/cookie-policy\/","url":"https:\/\/fit2grow.io\/cookie-policy\/","name":"Cookie Policy | Fit 2 Grow","isPartOf":{"@id":"https:\/\/fit2grow.io\/#website"},"datePublished":"2026-04-13T10:23:36+00:00","breadcrumb":{"@id":"https:\/\/fit2grow.io\/cookie-policy\/#breadcrumb"},"inLanguage":"de","potentialAction":[{"@type":"ReadAction","target":["https:\/\/fit2grow.io\/cookie-policy\/"]}]},{"@type":"BreadcrumbList","@id":"https:\/\/fit2grow.io\/cookie-policy\/#breadcrumb","itemListElement":[{"@type":"ListItem","position":1,"name":"Home","item":"https:\/\/fit2grow.io\/"},{"@type":"ListItem","position":2,"name":"Cookie Policy"}]},{"@type":"WebSite","@id":"https:\/\/fit2grow.io\/#website","url":"https:\/\/fit2grow.io\/","name":"fit2grow.io","description":"Webanalitika, n\u00f6veked\u00e9s \u00f6szt\u00f6nz\u00e9s","publisher":{"@id":"https:\/\/fit2grow.io\/#organization"},"potentialAction":[{"@type":"SearchAction","target":{"@type":"EntryPoint","urlTemplate":"https:\/\/fit2grow.io\/?s={search_term_string}"},"query-input":{"@type":"PropertyValueSpecification","valueRequired":true,"valueName":"search_term_string"}}],"inLanguage":"de"},{"@type":"Organization","@id":"https:\/\/fit2grow.io\/#organization","name":"fit2grow.io","url":"https:\/\/fit2grow.io\/","logo":{"@type":"ImageObject","inLanguage":"de","@id":"https:\/\/fit2grow.io\/#\/schema\/logo\/image\/","url":"https:\/\/fit2grow.io\/wp-content\/uploads\/2023\/01\/cropped-Fit2Grow-icon-inverse.png","contentUrl":"https:\/\/fit2grow.io\/wp-content\/uploads\/2023\/01\/cropped-Fit2Grow-icon-inverse.png","width":512,"height":512,"caption":"fit2grow.io"},"image":{"@id":"https:\/\/fit2grow.io\/#\/schema\/logo\/image\/"},"sameAs":["https:\/\/www.linkedin.com\/company\/42431305\/"]}]}},"_links":{"self":[{"href":"https:\/\/fit2grow.io\/de\/wp-json\/wp\/v2\/pages\/7652","targetHints":{"allow":["GET"]}}],"collection":[{"href":"https:\/\/fit2grow.io\/de\/wp-json\/wp\/v2\/pages"}],"about":[{"href":"https:\/\/fit2grow.io\/de\/wp-json\/wp\/v2\/types\/page"}],"author":[{"embeddable":true,"href":"https:\/\/fit2grow.io\/de\/wp-json\/wp\/v2\/users\/1"}],"replies":[{"embeddable":true,"href":"https:\/\/fit2grow.io\/de\/wp-json\/wp\/v2\/comments?post=7652"}],"version-history":[{"count":2,"href":"https:\/\/fit2grow.io\/de\/wp-json\/wp\/v2\/pages\/7652\/revisions"}],"predecessor-version":[{"id":7658,"href":"https:\/\/fit2grow.io\/de\/wp-json\/wp\/v2\/pages\/7652\/revisions\/7658"}],"wp:attachment":[{"href":"https:\/\/fit2grow.io\/de\/wp-json\/wp\/v2\/media?parent=7652"}],"curies":[{"name":"wp","href":"https:\/\/api.w.org\/{rel}","templated":true}]}}