{"id":7631,"date":"2026-04-13T11:23:05","date_gmt":"2026-04-13T10:23:05","guid":{"rendered":"https:\/\/fit2grow.io\/?page_id=7631"},"modified":"2026-04-13T11:57:55","modified_gmt":"2026-04-13T10:57:55","slug":"book-a-call","status":"publish","type":"page","link":"https:\/\/fit2grow.io\/de\/book-a-call\/","title":{"rendered":"Gespr\u00e4ch Vereinbaren"},"content":{"rendered":"<div class=\"wpb-content-wrapper\"><section id=\"ut-section-69ecdc0748801\" data-section-title=\"About Section = Has BG Image\" data-vc-full-width=\"true\" data-vc-full-width-init=\"false\" data-background-image=\"https:\/\/fit2grow.io\/wp-content\/uploads\/2020\/10\/brooklyn-about-section-bg.jpg?id=6351\" data-cursor-skin=\"global\" class=\"vc_section ut-vc-120 vc_section-has-fill ut-section-69ecdc074880b ut-background-lozad bklyn-section-with-overlay-effect ut-section-with-linking\"><a id=\"section-services\" data-id=\"section-services\" class=\"ut-vc-offset-anchor-top\" name=\"section-services\">Services<\/a><div id=\"ut-section-overlay-effect-69ecdc0748934\" class=\"bklyn-overlay-effect\" data-effect=\"particle\" data-effect-config='{\"particles\":{\"number\":{\"value\":\"20\",\"density\":{\"value_area\":\"800\"}},\"move\":{\"speed\":\"1\",\"out_mode\":\"out\",\"direction\":\"none\"},\"shape\":{\"type\":\"circle\"},\"color\":{\"value\":\"#d5051f\"},\"line_linked\":{\"color\":\"#000000\",\"opacity\":\"0\",\"enable\":false},\"opacity\":{\"random\":true,\"anim\":{\"enable\":true,\"speed\":1}},\"size\":{\"value\":\"3\",\"random\":true}},\"interactivity\":{\"events\":{\"onhover\":{\"enable\":false,\"mode\":\"repulse\"},\"onclick\":{\"enable\":false},\"resize\":false},\"modes\":{\"bubble\":{\"size\":\"6\",\"distance\":400,\"opacity\":0},\"grab\":{\"distance\":400}}},\"retina_detect\":true}'><\/div><div id=\"ut-row-69ecdc0748e9a\" data-vc-full-width=\"true\" data-vc-full-width-init=\"false\" class=\"vc_row wpb_row vc_row-fluid vc_column-gap-0 ut-animate-element animated ut-no-animation-tablet ut-no-animation-mobile ut-row-69ecdc0748fee\" data-effect=\"fadeIn\" data-animateonce=\"yes\" data-delay=\"100\" data-animation-duration=\"1.5s\"><div class=\"wpb_column vc_column_container vc_col-sm-12 vc_col-lg-offset-2 vc_col-lg-8\" ><div id=\"ut_inner_column_69ecdc074952e\" class=\"vc_column-inner\" ><div class=\"wpb_wrapper\"><div class=\"wpb_content_element\"><style type=\"text\/css\">#ut_header_69ecdc07497eb h1.section-title { font-size:65px !important;line-height:90px !important;letter-spacing:-0.03em; }<\/style><header id=\"ut_header_69ecdc07497eb\" class=\"section-header  ut-no-lead-linebreak-mobile ut-no-lead-linebreak-tablet pt-style-7 header-center header-tablet-center header-mobile-center element-with-custom-line-height\"><div class=\"element-with-custom-line-height ut-simple-glitch-text-permanent ut-simple-glitch-text-style-2-permanent\" ><h1 data-title=\"Let\u2019s talk about your growth\"  data-responsive-font=\"section_title\" data-responsive-font-settings=\"{&quot;base-font-size&quot;:&quot;65&quot;,&quot;font-size-unit&quot;:&quot;px&quot;,&quot;font-size&quot;:{&quot;desktop_large&quot;:&quot;65&quot;},&quot;base-line-height&quot;:&quot;90&quot;,&quot;line-height-unit&quot;:&quot;px&quot;,&quot;line-height&quot;:{&quot;desktop_large&quot;:&quot;90&quot;},&quot;base-letter-spacing&quot;:&quot;global&quot;,&quot;letter-spacing&quot;:{&quot;desktop_large&quot;:&quot;-0.03&quot;}}\" class=\"section-title\"><span>Lassen Sie uns \u00fcber Ihr Wachstum sprechen<\/span><\/h1><\/div><div data-delay=\"0\" class=\"lead\"><p>Buchen Sie eine kostenlose 30-min\u00fctige Strategieberatung. Wir nehmen Ihre aktuelle Situation unter die Lupe, ermitteln, was Sie daran hindert, und zeigen Ihnen klare n\u00e4chste Schritte auf, die zu skalierbarem, planbarem Wachstum f\u00fchren.<\/p>\n<\/div><\/header><\/div><div class=\"wpb_content_element\"><style type=\"text\/css\">#bklyn_btn_69ecdc074ce12 .bklyn-btn { border-width:px !important; border-radius:px !important; }<\/style><div id=\"bklyn_cta_69ecdc074ce11\" class=\"bklyn-call-to-action-wrapper\"><div class=\"bklyn-call-to-action-inner clearfix\"><div class=\"bklyn-call-to-action-button-holder\"><div id=\"bklyn_btn_69ecdc074ce12\" class=\"bklyn-btn-holder bklyn-btn-center bklyn-btn-tablet-center bklyn-btn-mobile-center\"><a title=\"Gespr\u00e4ch Buchen\" href=\"https:\/\/calendly.com\/fit2grow-balazs-bogda\/30min\" target=\"_blank\" class=\"bklyn-btn bklyn-btn-normal\" >Starten Sie Ihren Growth Plan<\/a><\/div><\/div><\/div><\/div><\/div><\/div><\/div><\/div><\/div><div class=\"vc_row-full-width vc_clearfix\"><\/div><a data-id=\"section-services\" class=\"ut-vc-offset-anchor-bottom\" name=\"section-services\">Services<\/a><style type=\"text\/css\">#ut-section-69ecdc0748801{background-position:center center !important;;background-repeat: no-repeat !important;background-size: cover !important;} <\/style><\/section><div class=\"vc_row-full-width vc_clearfix\"><\/div><section id=\"ut-section-69ecdc074d696\" data-section-title=\"About Section = Has BG Image\" data-vc-full-width=\"true\" data-vc-full-width-init=\"false\" data-cursor-skin=\"global\" class=\"vc_section ut-vc-120 vc_section-has-no-fill ut-section-69ecdc074d69c bklyn-section-with-overlay-effect ut-section-with-linking\"><a id=\"section-services\" data-id=\"section-services\" class=\"ut-vc-offset-anchor-top\" name=\"section-services\">Services<\/a><div id=\"ut-section-overlay-effect-69ecdc074d76c\" class=\"bklyn-overlay-effect\" data-effect=\"particle\" data-effect-config='{\"particles\":{\"number\":{\"value\":\"20\",\"density\":{\"value_area\":\"800\"}},\"move\":{\"speed\":\"1\",\"out_mode\":\"out\",\"direction\":\"none\"},\"shape\":{\"type\":\"circle\"},\"color\":{\"value\":\"#d5051f\"},\"line_linked\":{\"color\":\"#000000\",\"opacity\":\"0\",\"enable\":false},\"opacity\":{\"random\":true,\"anim\":{\"enable\":true,\"speed\":1}},\"size\":{\"value\":\"3\",\"random\":true}},\"interactivity\":{\"events\":{\"onhover\":{\"enable\":false,\"mode\":\"repulse\"},\"onclick\":{\"enable\":false},\"resize\":false},\"modes\":{\"bubble\":{\"size\":\"6\",\"distance\":400,\"opacity\":0},\"grab\":{\"distance\":400}}},\"retina_detect\":true}'><\/div><div id=\"ut-row-69ecdc074dbd8\" data-vc-full-width=\"true\" data-vc-full-width-init=\"false\" class=\"vc_row wpb_row vc_row-fluid vc_column-gap-0 ut-animate-element animated ut-no-animation-tablet ut-no-animation-mobile ut-row-69ecdc074dcea\" data-effect=\"fadeIn\" data-animateonce=\"yes\" data-delay=\"100\" data-animation-duration=\"1.5s\"><div class=\"wpb_column vc_column_container vc_col-sm-12 vc_col-lg-offset-2 vc_col-lg-8\" ><div id=\"ut_inner_column_69ecdc074e0fb\" class=\"vc_column-inner\" ><div class=\"wpb_wrapper\"><div class=\"wpb_content_element\"><style type=\"text\/css\">#ut_header_69ecdc074e3a2 h1.section-title { font-size:65px !important;line-height:90px !important;letter-spacing:-0.03em; }<\/style><header id=\"ut_header_69ecdc074e3a2\" class=\"section-header  ut-no-lead-linebreak-mobile ut-no-lead-linebreak-tablet pt-style-7 header-center header-tablet-center header-mobile-center element-with-custom-line-height\"><div class=\"element-with-custom-line-height ut-simple-glitch-text-permanent ut-simple-glitch-text-style-2-permanent\" ><h1 data-title=\"What you\u2019ll walk away with\"  data-responsive-font=\"section_title\" data-responsive-font-settings=\"{&quot;base-font-size&quot;:&quot;65&quot;,&quot;font-size-unit&quot;:&quot;px&quot;,&quot;font-size&quot;:{&quot;desktop_large&quot;:&quot;65&quot;},&quot;base-line-height&quot;:&quot;90&quot;,&quot;line-height-unit&quot;:&quot;px&quot;,&quot;line-height&quot;:{&quot;desktop_large&quot;:&quot;90&quot;},&quot;base-letter-spacing&quot;:&quot;global&quot;,&quot;letter-spacing&quot;:{&quot;desktop_large&quot;:&quot;-0.03&quot;}}\" class=\"section-title\"><span>Was Sie mitnehmen werden<\/span><\/h1><\/div><div data-delay=\"0\" class=\"lead\"><p>\u2022 Klarer Einblick in die Faktoren, die Ihr Wachstum bremsen<br \/>\n\u2022 Praktische, schnell umsetzbare Ma\u00dfnahmen, die Sie sofort anwenden k\u00f6nnen<br \/>\n\u2022 Ehrliches, unverf\u00e4lschtes Feedback zu Ihrer aktuellen Strategie<br \/>\n\u2022 Eine klare Ausrichtung f\u00fcr die Expansion in neue M\u00e4rkte<\/p>\n<\/div><\/header><\/div><\/div><\/div><\/div><\/div><div class=\"vc_row-full-width vc_clearfix\"><\/div><a data-id=\"section-services\" class=\"ut-vc-offset-anchor-bottom\" name=\"section-services\">Services<\/a><style type=\"text\/css\">#ut-section-69ecdc074d696{background-position:center center !important;;background-repeat: no-repeat !important;background-size: cover !important;} <\/style><\/section><div class=\"vc_row-full-width vc_clearfix\"><\/div><section id=\"ut-section-69ecdc074f1c1\" data-section-title=\"About Section = Has BG Image\" data-vc-full-width=\"true\" data-vc-full-width-init=\"false\" data-background-image=\"https:\/\/fit2grow.io\/wp-content\/uploads\/2020\/10\/brooklyn-about-section-bg.jpg?id=6351\" data-cursor-skin=\"global\" class=\"vc_section ut-vc-120 vc_section-has-fill ut-section-69ecdc074f1c7 ut-background-lozad bklyn-section-with-overlay-effect ut-section-with-linking\"><a id=\"section-services\" data-id=\"section-services\" class=\"ut-vc-offset-anchor-top\" name=\"section-services\">Services<\/a><div id=\"ut-section-overlay-effect-69ecdc074f2a4\" class=\"bklyn-overlay-effect\" data-effect=\"particle\" data-effect-config='{\"particles\":{\"number\":{\"value\":\"20\",\"density\":{\"value_area\":\"800\"}},\"move\":{\"speed\":\"1\",\"out_mode\":\"out\",\"direction\":\"none\"},\"shape\":{\"type\":\"circle\"},\"color\":{\"value\":\"#d5051f\"},\"line_linked\":{\"color\":\"#000000\",\"opacity\":\"0\",\"enable\":false},\"opacity\":{\"random\":true,\"anim\":{\"enable\":true,\"speed\":1}},\"size\":{\"value\":\"3\",\"random\":true}},\"interactivity\":{\"events\":{\"onhover\":{\"enable\":false,\"mode\":\"repulse\"},\"onclick\":{\"enable\":false},\"resize\":false},\"modes\":{\"bubble\":{\"size\":\"6\",\"distance\":400,\"opacity\":0},\"grab\":{\"distance\":400}}},\"retina_detect\":true}'><\/div><div id=\"ut-row-69ecdc074f6eb\" data-vc-full-width=\"true\" data-vc-full-width-init=\"false\" class=\"vc_row wpb_row vc_row-fluid vc_column-gap-0 ut-animate-element animated ut-no-animation-tablet ut-no-animation-mobile ut-row-69ecdc074f806\" data-effect=\"fadeIn\" data-animateonce=\"yes\" data-delay=\"100\" data-animation-duration=\"1.5s\"><div class=\"wpb_column vc_column_container vc_col-sm-12 vc_col-lg-offset-2 vc_col-lg-8\" ><div id=\"ut_inner_column_69ecdc074fb96\" class=\"vc_column-inner\" ><div class=\"wpb_wrapper\"><div class=\"wpb_content_element\"><style type=\"text\/css\">#ut_header_69ecdc074fe15 h1.section-title { font-size:65px !important;line-height:90px !important;letter-spacing:-0.03em; }<\/style><header id=\"ut_header_69ecdc074fe15\" class=\"section-header  ut-no-lead-linebreak-mobile ut-no-lead-linebreak-tablet pt-style-7 header-center header-tablet-center header-mobile-center element-with-custom-line-height\"><div class=\"element-with-custom-line-height ut-simple-glitch-text-permanent ut-simple-glitch-text-style-2-permanent\" ><h1 data-title=\"This is a fit if you are:\"  data-responsive-font=\"section_title\" data-responsive-font-settings=\"{&quot;base-font-size&quot;:&quot;65&quot;,&quot;font-size-unit&quot;:&quot;px&quot;,&quot;font-size&quot;:{&quot;desktop_large&quot;:&quot;65&quot;},&quot;base-line-height&quot;:&quot;90&quot;,&quot;line-height-unit&quot;:&quot;px&quot;,&quot;line-height&quot;:{&quot;desktop_large&quot;:&quot;90&quot;},&quot;base-letter-spacing&quot;:&quot;global&quot;,&quot;letter-spacing&quot;:{&quot;desktop_large&quot;:&quot;-0.03&quot;}}\" class=\"section-title\"><span>Das passt zu Ihnen, wenn Sie sind:<\/span><\/h1><\/div><div data-delay=\"0\" class=\"lead\"><p>\u2022 Ein Start-up, das versucht, Fu\u00df zu fassen<br \/>\n\u2022 Ein KMU, das mit unbest\u00e4ndigem Wachstum zu k\u00e4mpfen hat<br \/>\n\u2022 Ein Scale-up, das seine Abl\u00e4ufe systematisieren und expandieren m\u00f6chte<\/p>\n<\/div><\/header><\/div><div class=\"wpb_content_element  vc_custom_1776077871763\"><style type=\"text\/css\">#bklyn_btn_69ecdc075040f .bklyn-btn { border-width:px !important; border-radius:px !important; }<\/style><div id=\"bklyn_cta_69ecdc075040e\" class=\"bklyn-call-to-action-wrapper\"><div class=\"bklyn-call-to-action-inner clearfix\"><div class=\"bklyn-call-to-action-content\"><h3 class=\"bklyn-call-to-action-title\">Starten Sie Ihren Wachstumsplan<\/h3><p>Sparen Sie sich das Hin und Her und w\u00e4hlen Sie einen Termin, der Ihnen passt. Wir kommen gut vorbereitet und konzentrieren uns auf das, was Ihr Wachstum wirklich voranbringt.<\/p>\n<\/div><div class=\"bklyn-call-to-action-button-holder\"><div id=\"bklyn_btn_69ecdc075040f\" class=\"bklyn-btn-holder bklyn-btn-center bklyn-btn-tablet-center bklyn-btn-mobile-center\"><a title=\"Gespr\u00e4ch Buchen\" href=\"https:\/\/calendly.com\/fit2grow-balazs-bogda\/30min\" target=\"_blank\" class=\"bklyn-btn bklyn-btn-normal\" >Starten Sie Ihren Growth Plan<\/a><\/div><\/div><\/div><\/div><\/div><\/div><\/div><\/div><\/div><div class=\"vc_row-full-width vc_clearfix\"><\/div><div id=\"ut-row-69ecdc0750840\" data-vc-full-width=\"true\" data-vc-full-width-init=\"false\" class=\"vc_row wpb_row vc_row-fluid vc_column-gap-0 ut-row-69ecdc0750846\" ><div class=\"wpb_column vc_column_container vc_col-sm-12\" ><div id=\"ut_inner_column_69ecdc0750c16\" class=\"vc_column-inner\" ><div class=\"wpb_wrapper\"><\/div><\/div><\/div><\/div><div class=\"vc_row-full-width vc_clearfix\"><\/div><a data-id=\"section-services\" class=\"ut-vc-offset-anchor-bottom\" name=\"section-services\">Services<\/a><style type=\"text\/css\">#ut-section-69ecdc074f1c1{background-position:center center !important;;background-repeat: no-repeat !important;background-size: cover !important;} <\/style><\/section><div class=\"vc_row-full-width vc_clearfix\"><\/div>\n<\/div>","protected":false},"excerpt":{"rendered":"ServicesLet\u2019s talk about your growthBook a free 30-minute strategy session. We\u2019ll review your current setup, identify what\u2019s holding you back, and outline clear next steps toward scalable, predictable growth. Start Your Growth PlanServicesServicesWhat you\u2019ll walk away with\u2022 Clear insight into what\u2019s limiting your growth \u2022 Practical, quick wins you can apply immediately \u2022 Honest, no-fluff [...]","protected":false},"author":1,"featured_media":0,"parent":0,"menu_order":0,"comment_status":"closed","ping_status":"closed","template":"","meta":{"_vp_format_video_url":"","_vp_image_focal_point":[],"footnotes":""},"class_list":["post-7631","page","type-page","status-publish","hentry"],"yoast_head":"<!-- This site is optimized with the Yoast SEO plugin v27.4 - https:\/\/yoast.com\/product\/yoast-seo-wordpress\/ -->\n<title>Book a call | Fit 2 Grow<\/title>\n<meta name=\"robots\" content=\"noindex, nofollow\" \/>\n<meta property=\"og:locale\" content=\"de_DE\" \/>\n<meta property=\"og:type\" content=\"article\" \/>\n<meta property=\"og:title\" content=\"Book a call | Fit 2 Grow\" \/>\n<meta property=\"og:url\" content=\"https:\/\/fit2grow.io\/de\/book-a-call\/\" \/>\n<meta property=\"og:site_name\" content=\"fit2grow.io\" \/>\n<meta property=\"article:modified_time\" content=\"2026-04-13T10:57:55+00:00\" \/>\n<meta name=\"twitter:card\" content=\"summary_large_image\" \/>\n<meta name=\"twitter:label1\" content=\"Gesch\u00e4tzte Lesezeit\" \/>\n\t<meta name=\"twitter:data1\" content=\"7\u00a0Minuten\" \/>\n<script type=\"application\/ld+json\" class=\"yoast-schema-graph\">{\"@context\":\"https:\\\/\\\/schema.org\",\"@graph\":[{\"@type\":\"WebPage\",\"@id\":\"https:\\\/\\\/fit2grow.io\\\/book-a-call\\\/\",\"url\":\"https:\\\/\\\/fit2grow.io\\\/book-a-call\\\/\",\"name\":\"Book a call | Fit 2 Grow\",\"isPartOf\":{\"@id\":\"https:\\\/\\\/fit2grow.io\\\/#website\"},\"datePublished\":\"2026-04-13T10:23:05+00:00\",\"dateModified\":\"2026-04-13T10:57:55+00:00\",\"breadcrumb\":{\"@id\":\"https:\\\/\\\/fit2grow.io\\\/book-a-call\\\/#breadcrumb\"},\"inLanguage\":\"de\",\"potentialAction\":[{\"@type\":\"ReadAction\",\"target\":[\"https:\\\/\\\/fit2grow.io\\\/book-a-call\\\/\"]}]},{\"@type\":\"BreadcrumbList\",\"@id\":\"https:\\\/\\\/fit2grow.io\\\/book-a-call\\\/#breadcrumb\",\"itemListElement\":[{\"@type\":\"ListItem\",\"position\":1,\"name\":\"Home\",\"item\":\"https:\\\/\\\/fit2grow.io\\\/\"},{\"@type\":\"ListItem\",\"position\":2,\"name\":\"Book a call\"}]},{\"@type\":\"WebSite\",\"@id\":\"https:\\\/\\\/fit2grow.io\\\/#website\",\"url\":\"https:\\\/\\\/fit2grow.io\\\/\",\"name\":\"fit2grow.io\",\"description\":\"Webanalitika, n\u00f6veked\u00e9s \u00f6szt\u00f6nz\u00e9s\",\"publisher\":{\"@id\":\"https:\\\/\\\/fit2grow.io\\\/#organization\"},\"potentialAction\":[{\"@type\":\"SearchAction\",\"target\":{\"@type\":\"EntryPoint\",\"urlTemplate\":\"https:\\\/\\\/fit2grow.io\\\/?s={search_term_string}\"},\"query-input\":{\"@type\":\"PropertyValueSpecification\",\"valueRequired\":true,\"valueName\":\"search_term_string\"}}],\"inLanguage\":\"de\"},{\"@type\":\"Organization\",\"@id\":\"https:\\\/\\\/fit2grow.io\\\/#organization\",\"name\":\"fit2grow.io\",\"url\":\"https:\\\/\\\/fit2grow.io\\\/\",\"logo\":{\"@type\":\"ImageObject\",\"inLanguage\":\"de\",\"@id\":\"https:\\\/\\\/fit2grow.io\\\/#\\\/schema\\\/logo\\\/image\\\/\",\"url\":\"https:\\\/\\\/fit2grow.io\\\/wp-content\\\/uploads\\\/2023\\\/01\\\/cropped-Fit2Grow-icon-inverse.png\",\"contentUrl\":\"https:\\\/\\\/fit2grow.io\\\/wp-content\\\/uploads\\\/2023\\\/01\\\/cropped-Fit2Grow-icon-inverse.png\",\"width\":512,\"height\":512,\"caption\":\"fit2grow.io\"},\"image\":{\"@id\":\"https:\\\/\\\/fit2grow.io\\\/#\\\/schema\\\/logo\\\/image\\\/\"},\"sameAs\":[\"https:\\\/\\\/www.linkedin.com\\\/company\\\/42431305\\\/\"]}]}<\/script>\n<!-- \/ Yoast SEO plugin. -->","yoast_head_json":{"title":"Book a call | Fit 2 Grow","robots":{"index":"noindex","follow":"nofollow"},"og_locale":"de_DE","og_type":"article","og_title":"Book a call | Fit 2 Grow","og_url":"https:\/\/fit2grow.io\/de\/book-a-call\/","og_site_name":"fit2grow.io","article_modified_time":"2026-04-13T10:57:55+00:00","twitter_card":"summary_large_image","twitter_misc":{"Gesch\u00e4tzte Lesezeit":"7\u00a0Minuten"},"schema":{"@context":"https:\/\/schema.org","@graph":[{"@type":"WebPage","@id":"https:\/\/fit2grow.io\/book-a-call\/","url":"https:\/\/fit2grow.io\/book-a-call\/","name":"Book a call | Fit 2 Grow","isPartOf":{"@id":"https:\/\/fit2grow.io\/#website"},"datePublished":"2026-04-13T10:23:05+00:00","dateModified":"2026-04-13T10:57:55+00:00","breadcrumb":{"@id":"https:\/\/fit2grow.io\/book-a-call\/#breadcrumb"},"inLanguage":"de","potentialAction":[{"@type":"ReadAction","target":["https:\/\/fit2grow.io\/book-a-call\/"]}]},{"@type":"BreadcrumbList","@id":"https:\/\/fit2grow.io\/book-a-call\/#breadcrumb","itemListElement":[{"@type":"ListItem","position":1,"name":"Home","item":"https:\/\/fit2grow.io\/"},{"@type":"ListItem","position":2,"name":"Book a call"}]},{"@type":"WebSite","@id":"https:\/\/fit2grow.io\/#website","url":"https:\/\/fit2grow.io\/","name":"fit2grow.io","description":"Webanalitika, n\u00f6veked\u00e9s \u00f6szt\u00f6nz\u00e9s","publisher":{"@id":"https:\/\/fit2grow.io\/#organization"},"potentialAction":[{"@type":"SearchAction","target":{"@type":"EntryPoint","urlTemplate":"https:\/\/fit2grow.io\/?s={search_term_string}"},"query-input":{"@type":"PropertyValueSpecification","valueRequired":true,"valueName":"search_term_string"}}],"inLanguage":"de"},{"@type":"Organization","@id":"https:\/\/fit2grow.io\/#organization","name":"fit2grow.io","url":"https:\/\/fit2grow.io\/","logo":{"@type":"ImageObject","inLanguage":"de","@id":"https:\/\/fit2grow.io\/#\/schema\/logo\/image\/","url":"https:\/\/fit2grow.io\/wp-content\/uploads\/2023\/01\/cropped-Fit2Grow-icon-inverse.png","contentUrl":"https:\/\/fit2grow.io\/wp-content\/uploads\/2023\/01\/cropped-Fit2Grow-icon-inverse.png","width":512,"height":512,"caption":"fit2grow.io"},"image":{"@id":"https:\/\/fit2grow.io\/#\/schema\/logo\/image\/"},"sameAs":["https:\/\/www.linkedin.com\/company\/42431305\/"]}]}},"_links":{"self":[{"href":"https:\/\/fit2grow.io\/de\/wp-json\/wp\/v2\/pages\/7631","targetHints":{"allow":["GET"]}}],"collection":[{"href":"https:\/\/fit2grow.io\/de\/wp-json\/wp\/v2\/pages"}],"about":[{"href":"https:\/\/fit2grow.io\/de\/wp-json\/wp\/v2\/types\/page"}],"author":[{"embeddable":true,"href":"https:\/\/fit2grow.io\/de\/wp-json\/wp\/v2\/users\/1"}],"replies":[{"embeddable":true,"href":"https:\/\/fit2grow.io\/de\/wp-json\/wp\/v2\/comments?post=7631"}],"version-history":[{"count":6,"href":"https:\/\/fit2grow.io\/de\/wp-json\/wp\/v2\/pages\/7631\/revisions"}],"predecessor-version":[{"id":7679,"href":"https:\/\/fit2grow.io\/de\/wp-json\/wp\/v2\/pages\/7631\/revisions\/7679"}],"wp:attachment":[{"href":"https:\/\/fit2grow.io\/de\/wp-json\/wp\/v2\/media?parent=7631"}],"curies":[{"name":"wp","href":"https:\/\/api.w.org\/{rel}","templated":true}]}}