{"id":7592,"date":"2026-04-10T16:38:43","date_gmt":"2026-04-10T15:38:43","guid":{"rendered":"https:\/\/fit2grow.io\/?page_id=7592"},"modified":"2026-04-13T11:56:45","modified_gmt":"2026-04-13T10:56:45","slug":"about","status":"publish","type":"page","link":"https:\/\/fit2grow.io\/de\/about\/","title":{"rendered":"\u00dcber Uns"},"content":{"rendered":"<div class=\"wpb-content-wrapper\"><section id=\"ut-section-69ecda973c8ce\" data-section-title=\"Team Section = Has BG Image\" data-vc-full-width=\"true\" data-vc-full-width-init=\"false\" data-background-image=\"https:\/\/fit2grow.io\/wp-content\/uploads\/2020\/10\/brooklyn-team-section-bg.jpg?id=6337\" data-cursor-skin=\"global\" class=\"vc_section ut-vc-120 vc_section-has-fill ut-section-69ecda973c8d7 ut-background-lozad ut-section-with-linking\"><a id=\"section-team\" data-id=\"section-team\" class=\"ut-vc-offset-anchor-top\" name=\"section-team\">Team<\/a><div id=\"ut-row-69ecda973cedc\" data-vc-full-width=\"true\" data-vc-full-width-init=\"false\" class=\"vc_row wpb_row vc_row-fluid vc_column-gap-0 ut-animate-element animated ut-no-animation-tablet ut-no-animation-mobile ut-row-69ecda973d020\" data-effect=\"fadeIn\" data-animateonce=\"yes\" data-delay=\"100\" data-animation-duration=\"1.5s\"><div class=\"wpb_column vc_column_container vc_col-sm-12 vc_col-lg-offset-2 vc_col-lg-8\" ><div id=\"ut_inner_column_69ecda973d532\" class=\"vc_column-inner\" ><div class=\"wpb_wrapper\"><div class=\"wpb_content_element  vc_custom_1775832822701\"><style type=\"text\/css\">#ut_header_69ecda973d9e2 h1.section-title { font-size:50px !important;line-height:60px !important;letter-spacing:-0.03em; }<\/style><header id=\"ut_header_69ecda973d9e2\" class=\"section-header  ut-no-lead-linebreak-mobile ut-no-lead-linebreak-tablet pt-style-7 header-center header-tablet-center header-mobile-center element-with-custom-line-height\"><div class=\"element-with-custom-line-height\" ><h1 data-title=\"Built for teams that want predictable growth -&#13;&#10;Not marketing guesswork\"  data-responsive-font=\"section_title\" data-responsive-font-settings=\"{&quot;base-font-size&quot;:&quot;global&quot;,&quot;font-size&quot;:{&quot;desktop_large&quot;:&quot;50&quot;},&quot;base-line-height&quot;:&quot;global&quot;,&quot;line-height&quot;:{&quot;desktop_large&quot;:&quot;60&quot;},&quot;base-letter-spacing&quot;:&quot;global&quot;,&quot;letter-spacing&quot;:{&quot;desktop_large&quot;:&quot;-0.03&quot;}}\" class=\"section-title title-with-linebreak\"><span>Entwickelt f\u00fcr Teams, die auf ein vorhersehbares Wachstum setzen \u2013<br \/>\nKein Marketing auf gut Gl\u00fcck<\/span><\/h1><\/div><div data-delay=\"0\" class=\"lead title-with-linebreak\"><p>Wir unterst\u00fctzen Start-ups, Scale-ups und KMU dabei, ihr Marketing zu einem System zu entwickeln, das auf den europ\u00e4ischen M\u00e4rkten kontinuierlich Umsatz generiert<\/p>\n<\/div><\/header><\/div><\/div><\/div><\/div><\/div><div class=\"vc_row-full-width vc_clearfix\"><\/div><div id=\"ut-row-69ecda9741158\" data-vc-full-width=\"true\" data-vc-full-width-init=\"false\" class=\"vc_row wpb_row vc_row-fluid vc_column-gap-0 ut-animate-element animated ut-no-animation-tablet ut-no-animation-mobile ut-row-69ecda9741266\" data-effect=\"fadeIn\" data-animateonce=\"yes\" data-delay=\"450\" data-animation-duration=\"1.5s\"><div class=\"wpb_column vc_column_container vc_col-sm-4\" ><div id=\"ut_inner_column_69ecda9741630\" class=\"vc_column-inner\" ><div class=\"wpb_wrapper\"><div class=\"wpb_content_element\">            \r\n            <style type=\"text\/css\">#bklyn_pricing_69ecda97416a2.ut-plan-module-border { border-style: solid; }#bklyn_pricing_69ecda97416a2.ut-plan-module-border { border-width: 1px; }#bklyn_pricing_69ecda97416a2 .ut-plan-module-content { color: ; color: ; }#bklyn_pricing_69ecda97416a2 .ut-plan-module-price { font-size:60px; }#bklyn_pricing_69ecda97416a2 .ut-plan-module-price { font-weight:100; }<\/style>            \r\n            <div id=\"bklyn_pricing_69ecda97416a2\" class=\"ut-plan-module-wrap ut-plan-module ut-plan-module-border\">\r\n                \r\n                                \r\n                    <div class=\"ut-plan-module-header\">\r\n\r\n                        \r\n                            <h3 class=\"ut-plan-module-headline\">Unsere Mission<\/h3>\r\n\r\n                        \r\n                                    \r\n\r\n                    <\/div>\r\n                \r\n                                \r\n                                \r\n                                \r\n                                \r\n                                \r\n            <\/div>\r\n            \r\n            <\/div><style type=\"text\/css\">#ut_custom_heading69ecda97416e4 { font-size:16px !important;line-height:50px !important; }#ut_custom_heading69ecda97416e4 { text-align:left; }@media (min-width: 768px) and (max-width: 1024px) { #ut_custom_heading69ecda97416e4 { text-align:left; } }@media (max-width: 767px) { #ut_custom_heading69ecda97416e4 { text-align:left; } }<\/style><p id=\"ut_custom_heading69ecda97416e4\" data-responsive-font=\"p\" data-responsive-font-settings=\"{&quot;base-font-size&quot;:&quot;16&quot;,&quot;font-size-unit&quot;:&quot;px&quot;,&quot;font-size&quot;:{&quot;desktop_large&quot;:&quot;16&quot;},&quot;base-line-height&quot;:&quot;50&quot;,&quot;line-height-unit&quot;:&quot;px&quot;,&quot;line-height&quot;:{&quot;desktop_large&quot;:&quot;50&quot;},&quot;base-letter-spacing&quot;:&quot;global&quot;}\" class=\"ut-custom-heading-module\" ><span class=\"\" >Damit Unternehmen ihr Marketing zu einem berechenbaren, skalierbaren Wachstumsmotor machen k\u00f6nnen \u2013 und nicht zu einer Aneinanderreihung unzusammenh\u00e4ngender Ma\u00dfnahmen.<\/span><\/p><\/div><\/div><\/div><div class=\"wpb_column vc_column_container vc_col-sm-4\" ><div id=\"ut_inner_column_69ecda9741878\" class=\"vc_column-inner\" ><div class=\"wpb_wrapper\"><div class=\"wpb_content_element\">            \r\n            <style type=\"text\/css\">#bklyn_pricing_69ecda97418b4.ut-plan-module-border { border-style: solid; }#bklyn_pricing_69ecda97418b4.ut-plan-module-border { border-width: 1px; }#bklyn_pricing_69ecda97418b4 .ut-plan-module-content { color: ; color: ; }#bklyn_pricing_69ecda97418b4 .ut-plan-module-price { font-size:60px; }#bklyn_pricing_69ecda97418b4 .ut-plan-module-price { font-weight:100; }<\/style>            \r\n            <div id=\"bklyn_pricing_69ecda97418b4\" class=\"ut-plan-module-wrap ut-plan-module ut-plan-module-border\">\r\n                \r\n                                \r\n                    <div class=\"ut-plan-module-header\">\r\n\r\n                        \r\n                            <h3 class=\"ut-plan-module-headline\">Unser Wachstumsansatz<\/h3>\r\n\r\n                        \r\n                                    \r\n\r\n                    <\/div>\r\n                \r\n                                \r\n                                \r\n                                \r\n                                \r\n                                \r\n            <\/div>\r\n            \r\n            <\/div><style type=\"text\/css\">#ut_custom_heading69ecda97418dc { font-size:16px !important;line-height:50px !important; }#ut_custom_heading69ecda97418dc { text-align:left; }@media (min-width: 768px) and (max-width: 1024px) { #ut_custom_heading69ecda97418dc { text-align:left; } }@media (max-width: 767px) { #ut_custom_heading69ecda97418dc { text-align:left; } }<\/style><p id=\"ut_custom_heading69ecda97418dc\" data-responsive-font=\"p\" data-responsive-font-settings=\"{&quot;base-font-size&quot;:&quot;16&quot;,&quot;font-size-unit&quot;:&quot;px&quot;,&quot;font-size&quot;:{&quot;desktop_large&quot;:&quot;16&quot;},&quot;base-line-height&quot;:&quot;50&quot;,&quot;line-height-unit&quot;:&quot;px&quot;,&quot;line-height&quot;:{&quot;desktop_large&quot;:&quot;50&quot;},&quot;base-letter-spacing&quot;:&quot;global&quot;}\" class=\"ut-custom-heading-module\" ><span class=\"\" >Wir halten nichts davon, blo\u00df Taktiken hinterherzulaufen oder isolierte Kampagnen durchzuf\u00fchren. Wir sind davon \u00fcberzeugt, dass Wachstum dadurch entsteht, dass man Systeme aufbaut, die klar, messbar und skalierbar sind.<\/span><\/p><\/div><\/div><\/div><div class=\"wpb_column vc_column_container vc_col-sm-4\" ><div id=\"ut_inner_column_69ecda9741a4f\" class=\"vc_column-inner\" ><div class=\"wpb_wrapper\"><div class=\"wpb_content_element\">            \r\n            <style type=\"text\/css\">#bklyn_pricing_69ecda9741a87.ut-plan-module-border { border-style: solid; }#bklyn_pricing_69ecda9741a87.ut-plan-module-border { border-width: 1px; }#bklyn_pricing_69ecda9741a87 .ut-plan-module-content { color: ; color: ; }#bklyn_pricing_69ecda9741a87 .ut-plan-module-price { font-size:60px; }#bklyn_pricing_69ecda9741a87 .ut-plan-module-price { font-weight:100; }<\/style>            \r\n            <div id=\"bklyn_pricing_69ecda9741a87\" class=\"ut-plan-module-wrap ut-plan-module ut-plan-module-border\">\r\n                \r\n                                \r\n                    <div class=\"ut-plan-module-header\">\r\n\r\n                        \r\n                            <h3 class=\"ut-plan-module-headline\">Mit wem Sie zusammenarbeiten<\/h3>\r\n\r\n                        \r\n                                    \r\n\r\n                    <\/div>\r\n                \r\n                                \r\n                                \r\n                                \r\n                                \r\n                                \r\n            <\/div>\r\n            \r\n            <\/div><style type=\"text\/css\">#ut_custom_heading69ecda9741aaa { font-size:16px !important;line-height:50px !important; }#ut_custom_heading69ecda9741aaa { text-align:left; }@media (min-width: 768px) and (max-width: 1024px) { #ut_custom_heading69ecda9741aaa { text-align:left; } }@media (max-width: 767px) { #ut_custom_heading69ecda9741aaa { text-align:left; } }<\/style><p id=\"ut_custom_heading69ecda9741aaa\" data-responsive-font=\"p\" data-responsive-font-settings=\"{&quot;base-font-size&quot;:&quot;16&quot;,&quot;font-size-unit&quot;:&quot;px&quot;,&quot;font-size&quot;:{&quot;desktop_large&quot;:&quot;16&quot;},&quot;base-line-height&quot;:&quot;50&quot;,&quot;line-height-unit&quot;:&quot;px&quot;,&quot;line-height&quot;:{&quot;desktop_large&quot;:&quot;50&quot;},&quot;base-letter-spacing&quot;:&quot;global&quot;}\" class=\"ut-custom-heading-module\" ><span class=\"\" >Ein kleines, erfahrenes Team, das sich auf Klarheit, Umsetzung und messbare Ergebnisse konzentriert. Was uns von anderen unterscheidet, ist, dass uns das wirklich am Herzen liegt.<\/span><\/p><\/div><\/div><\/div><\/div><div class=\"vc_row-full-width vc_clearfix\"><\/div><div id=\"ut-row-69ecda9741eb1\" data-vc-full-width=\"true\" data-vc-full-width-init=\"false\" class=\"vc_row wpb_row vc_row-fluid vc_column-gap-0 ut-animate-element animated ut-no-animation-tablet ut-no-animation-mobile ut-row-69ecda9741fbb\" data-effect=\"fadeIn\" data-animateonce=\"yes\" data-delay=\"100\" data-animation-duration=\"1.5s\"><div class=\"wpb_column vc_column_container vc_col-sm-12\" ><div id=\"ut_inner_column_69ecda9742348\" class=\"vc_column-inner\" ><div class=\"wpb_wrapper\"><div class=\"wpb_content_element  vc_custom_1775835408923\"><style type=\"text\/css\">#ut_header_69ecda97427a2 h2.page-title { font-size:50px !important;line-height:90px !important;letter-spacing:-0.03em; }<\/style><header id=\"ut_header_69ecda97427a2\" class=\"page-header page-title-module  ut-no-title-linebreak-mobile ut-no-lead-linebreak-mobile pt-style-7 header-center header-tablet-center header-mobile-center element-with-custom-line-height\"><div class=\"element-with-custom-line-height\" ><h2 data-title=\"Let\u2019s build something that actually scales\"  data-responsive-font=\"page_title\" data-responsive-font-settings=\"{&quot;base-font-size&quot;:&quot;50&quot;,&quot;font-size-unit&quot;:&quot;px&quot;,&quot;font-size&quot;:{&quot;desktop_large&quot;:&quot;50&quot;},&quot;base-line-height&quot;:&quot;global&quot;,&quot;line-height&quot;:{&quot;desktop_large&quot;:&quot;90&quot;},&quot;base-letter-spacing&quot;:&quot;global&quot;,&quot;letter-spacing&quot;:{&quot;desktop_large&quot;:&quot;-0.03&quot;}}\" class=\"page-title\"><span>Lasst uns etwas entwickeln, das wirklich skalierbar ist<\/span><\/h2><\/div><div data-delay=\"0\" class=\"lead\"><p>Wenn Sie auf planbares Wachstum und nicht auf weiteres R\u00e4tselraten setzen wollen, dann lassen Sie uns reden.<\/p>\n<\/div><\/header><\/div><\/div><\/div><\/div><\/div><div class=\"vc_row-full-width vc_clearfix\"><\/div><div id=\"ut-row-69ecda9743110\" data-vc-full-width=\"true\" data-vc-full-width-init=\"false\" class=\"vc_row wpb_row vc_row-fluid vc_column-gap-0 ut-row-69ecda9743116\" ><div class=\"wpb_column vc_column_container vc_col-sm-12 vc_col-lg-offset-3 vc_col-lg-6\" ><div id=\"ut_inner_column_69ecda97434cd\" class=\"vc_column-inner\" ><div class=\"wpb_wrapper\"><style type=\"text\/css\">#bklyn_btn_69ecda9743555 .bklyn-btn { color:#151515 !important; border-color:#151515 !important; border-width:2px !important; background-color:transparent !important; }#bklyn_btn_69ecda9743555 .bklyn-btn:hover{ color:#151515 !important; border-color:#151515 !important; background-color:transparent !important; background-image:none !important; }#bklyn_btn_69ecda9743555 .bklyn-btn:focus{ color:#151515 !important; border-color:#151515 !important; background-color:transparent !important; background-image:none !important; }#bklyn_btn_69ecda9743555 .bklyn-btn:active { color:#151515 !important; border-color:#151515 !important; background-color:transparent !important; background-image:none !important; }#bklyn_btn_69ecda9743555 .bklyn-btn::after{ color:#151515 !important; }#bklyn_btn_69ecda9743555 a.bklyn-btn { font-weight:600 !important; }#bklyn_btn_69ecda9743555.bklyn-btn-header a.bklyn-btn { font-weight:600 !important; }#bklyn_btn_69ecda9743555.bklyn-btn-header a.bklyn-btn span { font-weight:600 !important; }#bklyn_btn_69ecda9743555 a.bklyn-btn { font-family:inherit !important; }#bklyn_btn_69ecda9743555 a.bklyn-btn { text-transform:none !important; }#bklyn_btn_69ecda9743555.bklyn-btn-holder a { margin-bottom:20px }#bklyn_btn_69ecda9743555 a.bklyn-btn-effect-winona::after { margin-bottom:20px }<\/style><div id=\"bklyn_btn_69ecda9743555\" class=\"bklyn-btn-holder  bklyn-btn-center bklyn-btn-tablet-center bklyn-btn-mobile-center\"><a title=\"Gespr\u00e4ch Buchen\" data-text=\"Start Your Growth Plan\"  href=\"https:\/\/calendly.com\/fit2grow-balazs-bogda\/30min\" target=\"_blank\" class=\"bklyn-btn  bklyn-btn-with-effect bklyn-btn-effect-winona bklyn-btn-outline bklyn-btn-icon-right bklyn-btn-normal\" ><span class=\"ut-btn-text\"><span>Starten Sie Ihren Growth Plan<\/span><\/span><i class=\"fa-solid fa-angle-right\"><\/i><\/a><\/div><style type=\"text\/css\">#ut_custom_heading69ecda97435a2 { color:#999999; }#ut_custom_heading69ecda97435a2 { font-size:14px !important;line-height:125% !important; }@media (min-width: 1025px) and (max-width: 1679px) {#ut_custom_heading69ecda97435a2 { line-height:125% !important; }}@media (min-width: 768px) and (max-width: 1024px) {#ut_custom_heading69ecda97435a2 { line-height:125% !important; }}@media (max-width: 767px) {#ut_custom_heading69ecda97435a2 { line-height:125% !important; }}#ut_custom_heading69ecda97435a2 { text-align:center; }@media (min-width: 768px) and (max-width: 1024px) { #ut_custom_heading69ecda97435a2 { text-align:center; } }@media (max-width: 767px) { #ut_custom_heading69ecda97435a2 { text-align:center; } }<\/style><div id=\"ut_custom_heading69ecda97435a2\" data-responsive-font=\"div\" data-responsive-font-settings=\"{&quot;base-font-size&quot;:&quot;14&quot;,&quot;font-size-unit&quot;:&quot;px&quot;,&quot;font-size&quot;:{&quot;desktop_large&quot;:&quot;14&quot;},&quot;base-line-height&quot;:&quot;125&quot;,&quot;line-height-unit&quot;:&quot;%&quot;,&quot;line-height&quot;:{&quot;desktop_large&quot;:&quot;125&quot;,&quot;desktop_small&quot;:&quot;125&quot;,&quot;tablet&quot;:&quot;125&quot;,&quot;mobile&quot;:&quot;125&quot;},&quot;base-letter-spacing&quot;:&quot;global&quot;}\" class=\"ut-custom-heading-module\" ><span class=\"\" >Kostenlose 30-min\u00fctige Strategieberatung \u2013 gehen Sie mit einem klaren, umsetzbaren Wachstumsplan nach Hause<\/span><\/div><\/div><\/div><\/div><\/div><div class=\"vc_row-full-width vc_clearfix\"><\/div><a data-id=\"section-team\" class=\"ut-vc-offset-anchor-bottom\" name=\"section-team\">Team<\/a><style type=\"text\/css\">#ut-section-69ecda973c8ce{background-position: center !important;background-repeat: no-repeat !important;background-size: cover !important;} <\/style><\/section><div class=\"vc_row-full-width vc_clearfix\"><\/div>\n<\/div>","protected":false},"excerpt":{"rendered":"TeamBuilt for teams that want predictable growth - Not marketing guessworkWe help startups, scale-ups, and SMEs turn marketing into a system that consistently generates revenue across European markets Our Mission To help businesses turn marketing into a predictable, scalable engine for growth \u2014 not a series of disconnected efforts. Our Approach to Growth We don\u2019t [...]","protected":false},"author":1,"featured_media":0,"parent":0,"menu_order":0,"comment_status":"closed","ping_status":"closed","template":"","meta":{"_vp_format_video_url":"","_vp_image_focal_point":[],"footnotes":""},"class_list":["post-7592","page","type-page","status-publish","hentry"],"yoast_head":"<!-- This site is optimized with the Yoast SEO plugin v27.4 - https:\/\/yoast.com\/product\/yoast-seo-wordpress\/ -->\n<title>About | Fit 2 Grow<\/title>\n<meta name=\"robots\" content=\"noindex, nofollow\" \/>\n<meta property=\"og:locale\" content=\"de_DE\" \/>\n<meta property=\"og:type\" content=\"article\" \/>\n<meta property=\"og:title\" content=\"About | Fit 2 Grow\" \/>\n<meta property=\"og:url\" content=\"https:\/\/fit2grow.io\/de\/about\/\" \/>\n<meta property=\"og:site_name\" content=\"fit2grow.io\" \/>\n<meta property=\"article:modified_time\" content=\"2026-04-13T10:56:45+00:00\" \/>\n<meta name=\"twitter:card\" content=\"summary_large_image\" \/>\n<meta name=\"twitter:label1\" content=\"Gesch\u00e4tzte Lesezeit\" \/>\n\t<meta name=\"twitter:data1\" content=\"2\u00a0Minuten\" \/>\n<script type=\"application\/ld+json\" class=\"yoast-schema-graph\">{\"@context\":\"https:\\\/\\\/schema.org\",\"@graph\":[{\"@type\":\"WebPage\",\"@id\":\"https:\\\/\\\/fit2grow.io\\\/about\\\/\",\"url\":\"https:\\\/\\\/fit2grow.io\\\/about\\\/\",\"name\":\"About | Fit 2 Grow\",\"isPartOf\":{\"@id\":\"https:\\\/\\\/fit2grow.io\\\/#website\"},\"datePublished\":\"2026-04-10T15:38:43+00:00\",\"dateModified\":\"2026-04-13T10:56:45+00:00\",\"breadcrumb\":{\"@id\":\"https:\\\/\\\/fit2grow.io\\\/about\\\/#breadcrumb\"},\"inLanguage\":\"de\",\"potentialAction\":[{\"@type\":\"ReadAction\",\"target\":[\"https:\\\/\\\/fit2grow.io\\\/about\\\/\"]}]},{\"@type\":\"BreadcrumbList\",\"@id\":\"https:\\\/\\\/fit2grow.io\\\/about\\\/#breadcrumb\",\"itemListElement\":[{\"@type\":\"ListItem\",\"position\":1,\"name\":\"Home\",\"item\":\"https:\\\/\\\/fit2grow.io\\\/\"},{\"@type\":\"ListItem\",\"position\":2,\"name\":\"About\"}]},{\"@type\":\"WebSite\",\"@id\":\"https:\\\/\\\/fit2grow.io\\\/#website\",\"url\":\"https:\\\/\\\/fit2grow.io\\\/\",\"name\":\"fit2grow.io\",\"description\":\"Webanalitika, n\u00f6veked\u00e9s \u00f6szt\u00f6nz\u00e9s\",\"publisher\":{\"@id\":\"https:\\\/\\\/fit2grow.io\\\/#organization\"},\"potentialAction\":[{\"@type\":\"SearchAction\",\"target\":{\"@type\":\"EntryPoint\",\"urlTemplate\":\"https:\\\/\\\/fit2grow.io\\\/?s={search_term_string}\"},\"query-input\":{\"@type\":\"PropertyValueSpecification\",\"valueRequired\":true,\"valueName\":\"search_term_string\"}}],\"inLanguage\":\"de\"},{\"@type\":\"Organization\",\"@id\":\"https:\\\/\\\/fit2grow.io\\\/#organization\",\"name\":\"fit2grow.io\",\"url\":\"https:\\\/\\\/fit2grow.io\\\/\",\"logo\":{\"@type\":\"ImageObject\",\"inLanguage\":\"de\",\"@id\":\"https:\\\/\\\/fit2grow.io\\\/#\\\/schema\\\/logo\\\/image\\\/\",\"url\":\"https:\\\/\\\/fit2grow.io\\\/wp-content\\\/uploads\\\/2023\\\/01\\\/cropped-Fit2Grow-icon-inverse.png\",\"contentUrl\":\"https:\\\/\\\/fit2grow.io\\\/wp-content\\\/uploads\\\/2023\\\/01\\\/cropped-Fit2Grow-icon-inverse.png\",\"width\":512,\"height\":512,\"caption\":\"fit2grow.io\"},\"image\":{\"@id\":\"https:\\\/\\\/fit2grow.io\\\/#\\\/schema\\\/logo\\\/image\\\/\"},\"sameAs\":[\"https:\\\/\\\/www.linkedin.com\\\/company\\\/42431305\\\/\"]}]}<\/script>\n<!-- \/ Yoast SEO plugin. -->","yoast_head_json":{"title":"About | Fit 2 Grow","robots":{"index":"noindex","follow":"nofollow"},"og_locale":"de_DE","og_type":"article","og_title":"About | Fit 2 Grow","og_url":"https:\/\/fit2grow.io\/de\/about\/","og_site_name":"fit2grow.io","article_modified_time":"2026-04-13T10:56:45+00:00","twitter_card":"summary_large_image","twitter_misc":{"Gesch\u00e4tzte Lesezeit":"2\u00a0Minuten"},"schema":{"@context":"https:\/\/schema.org","@graph":[{"@type":"WebPage","@id":"https:\/\/fit2grow.io\/about\/","url":"https:\/\/fit2grow.io\/about\/","name":"About | Fit 2 Grow","isPartOf":{"@id":"https:\/\/fit2grow.io\/#website"},"datePublished":"2026-04-10T15:38:43+00:00","dateModified":"2026-04-13T10:56:45+00:00","breadcrumb":{"@id":"https:\/\/fit2grow.io\/about\/#breadcrumb"},"inLanguage":"de","potentialAction":[{"@type":"ReadAction","target":["https:\/\/fit2grow.io\/about\/"]}]},{"@type":"BreadcrumbList","@id":"https:\/\/fit2grow.io\/about\/#breadcrumb","itemListElement":[{"@type":"ListItem","position":1,"name":"Home","item":"https:\/\/fit2grow.io\/"},{"@type":"ListItem","position":2,"name":"About"}]},{"@type":"WebSite","@id":"https:\/\/fit2grow.io\/#website","url":"https:\/\/fit2grow.io\/","name":"fit2grow.io","description":"Webanalitika, n\u00f6veked\u00e9s \u00f6szt\u00f6nz\u00e9s","publisher":{"@id":"https:\/\/fit2grow.io\/#organization"},"potentialAction":[{"@type":"SearchAction","target":{"@type":"EntryPoint","urlTemplate":"https:\/\/fit2grow.io\/?s={search_term_string}"},"query-input":{"@type":"PropertyValueSpecification","valueRequired":true,"valueName":"search_term_string"}}],"inLanguage":"de"},{"@type":"Organization","@id":"https:\/\/fit2grow.io\/#organization","name":"fit2grow.io","url":"https:\/\/fit2grow.io\/","logo":{"@type":"ImageObject","inLanguage":"de","@id":"https:\/\/fit2grow.io\/#\/schema\/logo\/image\/","url":"https:\/\/fit2grow.io\/wp-content\/uploads\/2023\/01\/cropped-Fit2Grow-icon-inverse.png","contentUrl":"https:\/\/fit2grow.io\/wp-content\/uploads\/2023\/01\/cropped-Fit2Grow-icon-inverse.png","width":512,"height":512,"caption":"fit2grow.io"},"image":{"@id":"https:\/\/fit2grow.io\/#\/schema\/logo\/image\/"},"sameAs":["https:\/\/www.linkedin.com\/company\/42431305\/"]}]}},"_links":{"self":[{"href":"https:\/\/fit2grow.io\/de\/wp-json\/wp\/v2\/pages\/7592","targetHints":{"allow":["GET"]}}],"collection":[{"href":"https:\/\/fit2grow.io\/de\/wp-json\/wp\/v2\/pages"}],"about":[{"href":"https:\/\/fit2grow.io\/de\/wp-json\/wp\/v2\/types\/page"}],"author":[{"embeddable":true,"href":"https:\/\/fit2grow.io\/de\/wp-json\/wp\/v2\/users\/1"}],"replies":[{"embeddable":true,"href":"https:\/\/fit2grow.io\/de\/wp-json\/wp\/v2\/comments?post=7592"}],"version-history":[{"count":6,"href":"https:\/\/fit2grow.io\/de\/wp-json\/wp\/v2\/pages\/7592\/revisions"}],"predecessor-version":[{"id":7678,"href":"https:\/\/fit2grow.io\/de\/wp-json\/wp\/v2\/pages\/7592\/revisions\/7678"}],"wp:attachment":[{"href":"https:\/\/fit2grow.io\/de\/wp-json\/wp\/v2\/media?parent=7592"}],"curies":[{"name":"wp","href":"https:\/\/api.w.org\/{rel}","templated":true}]}}