{"id":7570,"date":"2026-04-13T11:22:39","date_gmt":"2026-04-13T10:22:39","guid":{"rendered":"https:\/\/fit2grow.io\/?page_id=7570"},"modified":"2026-04-13T12:01:25","modified_gmt":"2026-04-13T11:01:25","slug":"who-we-help","status":"publish","type":"page","link":"https:\/\/fit2grow.io\/de\/who-we-help\/","title":{"rendered":"Wem Wir Helfen"},"content":{"rendered":"<div class=\"wpb-content-wrapper\"><section id=\"ut-section-69ecdc34a63b0\" data-vc-full-width=\"true\" data-vc-full-width-init=\"false\" data-background-image=\"https:\/\/fit2grow.io\/wp-content\/uploads\/2020\/10\/brooklyn-team-section-bg.jpg?id=6337\" data-cursor-skin=\"global\" class=\"vc_section ut-vc-120 vc_section-has-fill ut-section-69ecdc34a63b8 ut-background-lozad\"><div id=\"ut-row-69ecdc34a6942\" data-vc-full-width=\"true\" data-vc-full-width-init=\"false\" class=\"vc_row wpb_row vc_row-fluid vc_column-gap-0 ut-animate-element animated ut-no-animation-tablet ut-no-animation-mobile ut-row-69ecdc34a6a6b\" data-effect=\"fadeIn\" data-animateonce=\"yes\" data-delay=\"200\" data-animation-duration=\"1.5s\"><div class=\"wpb_column vc_column_container vc_col-sm-12\" ><div id=\"ut_inner_column_69ecdc34a6f77\" class=\"vc_column-inner\" ><div class=\"wpb_wrapper\"><div class=\"wpb_content_element\"><style type=\"text\/css\">#ut_header_69ecdc34a72fa h1.section-title { font-size:70px !important;line-height:90px !important;letter-spacing:-0.03em; }<\/style><header id=\"ut_header_69ecdc34a72fa\" class=\"section-header  ut-no-lead-linebreak-mobile pt-style-7 header-left header-tablet-left header-mobile-center element-with-custom-line-height\"><div class=\"element-with-custom-line-height\" ><h1 data-title=\"Find where you are and what it takes&#13;&#10;to grow from there\"  data-responsive-font=\"section_title\" data-responsive-font-settings=\"{&quot;base-font-size&quot;:&quot;70&quot;,&quot;font-size-unit&quot;:&quot;px&quot;,&quot;font-size&quot;:{&quot;desktop_large&quot;:&quot;70&quot;},&quot;base-line-height&quot;:&quot;90&quot;,&quot;line-height-unit&quot;:&quot;px&quot;,&quot;line-height&quot;:{&quot;desktop_large&quot;:&quot;90&quot;},&quot;base-letter-spacing&quot;:&quot;global&quot;,&quot;letter-spacing&quot;:{&quot;desktop_large&quot;:&quot;-0.03&quot;}}\" class=\"section-title title-with-linebreak\"><span>Finden Sie gemeinsam mit uns<br \/>\nIhre n\u00e4chsten Schritte f\u00fcr Ihr Wachstum<\/span><\/h1><\/div><div data-delay=\"0\" class=\"lead title-with-linebreak\"><p>Wachstum ist kein Einheitskonzept. Unterschiedliche Phasen erfordern unterschiedliche Systeme.\nSo unterst\u00fctzen wir Sie in jeder einzelnen Phase.<\/p>\n<\/div><\/header><\/div><\/div><\/div><\/div><\/div><div class=\"vc_row-full-width vc_clearfix\"><\/div><div id=\"ut-row-69ecdc34aaa88\" data-vc-full-width=\"true\" data-vc-full-width-init=\"false\" class=\"vc_row wpb_row vc_row-fluid vc_column-gap-0 ut-animate-element animated ut-no-animation-tablet ut-no-animation-mobile ut-row-69ecdc34aab94\" data-effect=\"fadeIn\" data-animateonce=\"yes\" data-delay=\"200\" data-animation-duration=\"1.5s\"><div class=\"wpb_column vc_column_container vc_col-sm-4\" ><div id=\"ut_inner_column_69ecdc34aaf5c\" class=\"vc_column-inner\" ><div class=\"wpb_wrapper\"><div class=\"wpb_content_element\">            \r\n            <style type=\"text\/css\">#bklyn_pricing_69ecdc34aafe1.ut-plan-module-border { border-style: solid; }#bklyn_pricing_69ecdc34aafe1.ut-plan-module-border { border-width: 1px; }#bklyn_pricing_69ecdc34aafe1 .ut-plan-module-content { color: ; color: ; }#bklyn_pricing_69ecdc34aafe1 .ut-plan-module-price { font-size:60px; }#bklyn_pricing_69ecdc34aafe1 .ut-plan-module-price { font-weight:100; }<\/style>            \r\n            <div id=\"bklyn_pricing_69ecdc34aafe1\" class=\"ut-plan-module-wrap ut-plan-module ut-plan-module-border\">\r\n                \r\n                                \r\n                    <div class=\"ut-plan-module-header\">\r\n\r\n                        \r\n                            <h3 class=\"ut-plan-module-headline\">Startups \ud83d\ude80<\/h3>\r\n\r\n                        \r\n                        \r\n                        <span class=\"ut-plan-module-subheadline\">Erste Schritte<\/span>\r\n\r\n                                    \r\n\r\n                    <\/div>\r\n                \r\n                                \r\n                                \r\n                                \r\n                                \r\n                                \r\n                    <div class=\"ut-plan-module-button\">\r\n                            \r\n                                                                        \r\n                        <style type=\"text\/css\">#bklyn_btn_69ecdc34ab526 a.bklyn-btn { font-weight:100 !important; }#bklyn_btn_69ecdc34ab526.bklyn-btn-header a.bklyn-btn { font-weight:100 !important; }#bklyn_btn_69ecdc34ab526.bklyn-btn-header a.bklyn-btn span { font-weight:100 !important; }<\/style><div id=\"bklyn_btn_69ecdc34ab526\" class=\"bklyn-btn-holder  bklyn-btn-center bklyn-btn-tablet-center bklyn-btn-mobile-center\"><a title=\"Gespr\u00e4ch Vereinbaren f\u00fcr Start-ups\"   href=\"https:\/\/calendly.com\/fit2grow-balazs-bogda\/30min\" target=\"_blank\" class=\"bklyn-btn  bklyn-btn-small\" ><span class=\"ut-btn-text\">Starten Sie mit uns<\/span><\/a><\/div>                            \r\n                    <\/div>\r\n                \r\n                                \r\n            <\/div>\r\n            \r\n            <\/div><style type=\"text\/css\">#ut_custom_heading69ecdc34ab57a { font-size:14px !important; }#ut_custom_heading69ecdc34ab57a { text-align:left; }@media (min-width: 768px) and (max-width: 1024px) { #ut_custom_heading69ecdc34ab57a { text-align:left; } }@media (max-width: 767px) { #ut_custom_heading69ecdc34ab57a { text-align:left; } }<\/style><p id=\"ut_custom_heading69ecdc34ab57a\" data-responsive-font=\"p\" data-responsive-font-settings=\"{&quot;base-font-size&quot;:&quot;global&quot;,&quot;font-size&quot;:{&quot;desktop_large&quot;:&quot;14&quot;},&quot;base-line-height&quot;:&quot;global&quot;,&quot;base-letter-spacing&quot;:&quot;global&quot;}\" class=\"ut-custom-heading-module\" ><span class=\"\" ><\/p>\n<div style=\"margin-bottom:18px;\">\n<strong>Ihre Phase:<\/strong><br \/>\nAnf\u00e4ngliche Resonanz, Testkan\u00e4le<\/div>\n<div style=\"margin-bottom:48px;\">\n<strong>Ihre Herausforderung:<\/strong><br \/>\nWas treibt das Wachstum tats\u00e4chlich an \u2013 und was ist nur L\u00e4rm?<\/div>\n<div style=\"margin-bottom:18px;\">\n<strong>Was fehlt:<\/strong><br \/>\nKlarheit, Fokus und ein wiederholbarer Weg nach vorn<\/div>\n<div style=\"margin-bottom:48px;\">\n<strong>Was Sie ben\u00f6tigen:<\/strong><br \/>\nEine klare Markteinf\u00fchrungsstrategie und ein System zur fr\u00fchzeitigen Kundengewinnung<\/div>\n<div style=\"margin-bottom:18px;\">\n<strong>So helfen wir:<\/strong><br \/>\nWir finden schnell heraus, was funktioniert \u2013 und machen daraus eine Grundlage, auf der Sie aufbauen k\u00f6nnen<\/div>\n<p><\/span><\/p><\/div><\/div><\/div><div class=\"wpb_column vc_column_container vc_col-sm-4\" ><div id=\"ut_inner_column_69ecdc34ab71e\" class=\"vc_column-inner\" ><div class=\"wpb_wrapper\"><div class=\"wpb_content_element\">            \r\n            <style type=\"text\/css\">#bklyn_pricing_69ecdc34ab76f.ut-plan-module-border { border-style: solid; }#bklyn_pricing_69ecdc34ab76f.ut-plan-module-border { border-width: 1px; }#bklyn_pricing_69ecdc34ab76f .ut-plan-module-content { color: ; color: ; }#bklyn_pricing_69ecdc34ab76f .ut-plan-module-price { font-size:60px; }#bklyn_pricing_69ecdc34ab76f .ut-plan-module-price { font-weight:100; }<\/style>            \r\n            <div id=\"bklyn_pricing_69ecdc34ab76f\" class=\"ut-plan-module-wrap ut-plan-module ut-plan-module-border\">\r\n                \r\n                                \r\n                    <div class=\"ut-plan-module-header\">\r\n\r\n                        \r\n                            <h3 class=\"ut-plan-module-headline\">KMUs \u2699\ufe0f<\/h3>\r\n\r\n                        \r\n                        \r\n                        <span class=\"ut-plan-module-subheadline\">Stetiges Wachstum<\/span>\r\n\r\n                                    \r\n\r\n                    <\/div>\r\n                \r\n                                \r\n                                \r\n                                \r\n                                \r\n                                \r\n                    <div class=\"ut-plan-module-button\">\r\n                            \r\n                                                                        \r\n                        <style type=\"text\/css\">#bklyn_btn_69ecdc34abc86 a.bklyn-btn { font-weight:100 !important; }#bklyn_btn_69ecdc34abc86.bklyn-btn-header a.bklyn-btn { font-weight:100 !important; }#bklyn_btn_69ecdc34abc86.bklyn-btn-header a.bklyn-btn span { font-weight:100 !important; }<\/style><div id=\"bklyn_btn_69ecdc34abc86\" class=\"bklyn-btn-holder  bklyn-btn-center bklyn-btn-tablet-center bklyn-btn-mobile-center\"><a title=\"Gespr\u00e4ch Vereinbaren f\u00fcr KMUs\"   href=\"https:\/\/calendly.com\/fit2grow-balazs-bogda\/30min\" target=\"_blank\" class=\"bklyn-btn  bklyn-btn-small\" ><span class=\"ut-btn-text\">Wachsen Sie mit uns<\/span><\/a><\/div>                            \r\n                    <\/div>\r\n                \r\n                                \r\n            <\/div>\r\n            \r\n            <\/div><style type=\"text\/css\">#ut_custom_heading69ecdc34abcc8 { font-size:14px !important; }#ut_custom_heading69ecdc34abcc8 { text-align:left; }@media (min-width: 768px) and (max-width: 1024px) { #ut_custom_heading69ecdc34abcc8 { text-align:left; } }@media (max-width: 767px) { #ut_custom_heading69ecdc34abcc8 { text-align:left; } }<\/style><p id=\"ut_custom_heading69ecdc34abcc8\" data-responsive-font=\"p\" data-responsive-font-settings=\"{&quot;base-font-size&quot;:&quot;global&quot;,&quot;font-size&quot;:{&quot;desktop_large&quot;:&quot;14&quot;},&quot;base-line-height&quot;:&quot;global&quot;,&quot;base-letter-spacing&quot;:&quot;global&quot;}\" class=\"ut-custom-heading-module\" ><span class=\"\" ><\/p>\n<div style=\"margin-bottom:18px;\">\n<strong>Ihre Phase:<\/strong><br \/>\nIhr Wachstum f\u00fchlt sich inkonsistent an<\/div>\n<div style=\"margin-bottom:18px;\">\n<strong>Ihre Herausforderung:<\/strong><br \/>\nSie sind ein etabliertes Unternehmen, haben aber das Gef\u00fchl, dass sich Ihre Marketingma\u00dfnahmen nicht in verl\u00e4ssliche Ums\u00e4tze niederschlagen?<\/div>\n<div style=\"margin-bottom:18px;\">\n<strong>Was fehlt:<\/strong><br \/>\nStruktur, Transparenz und zuverl\u00e4ssige Leistung<\/div>\n<div style=\"margin-bottom:18px;\">\n<strong>Was Sie ben\u00f6tigen:<\/strong><br \/>\nEin vernetztes System, das Anstrengungen in ein stetiges, messbares Wachstum f\u00fcr das gesamte Team umwandelt<\/div>\n<div style=\"margin-bottom:18px;\">\n<strong>So helfen wir:<\/strong><br \/>\nWir verwandeln vereinzelte Aktivit\u00e4ten in einen fokussierten Motor, der Ergebnisse liefert<\/div>\n<p><\/span><\/p><\/div><\/div><\/div><div class=\"wpb_column vc_column_container vc_col-sm-4\" ><div id=\"ut_inner_column_69ecdc34abe41\" class=\"vc_column-inner\" ><div class=\"wpb_wrapper\"><div class=\"wpb_content_element\">            \r\n            <style type=\"text\/css\">#bklyn_pricing_69ecdc34abe87.ut-plan-module-border { border-style: solid; }#bklyn_pricing_69ecdc34abe87.ut-plan-module-border { border-width: 1px; }#bklyn_pricing_69ecdc34abe87 .ut-plan-module-content { color: ; color: ; }#bklyn_pricing_69ecdc34abe87 .ut-plan-module-price { font-size:60px; }#bklyn_pricing_69ecdc34abe87 .ut-plan-module-price { font-weight:100; }<\/style>            \r\n            <div id=\"bklyn_pricing_69ecdc34abe87\" class=\"ut-plan-module-wrap ut-plan-module ut-plan-module-border\">\r\n                \r\n                                \r\n                    <div class=\"ut-plan-module-header\">\r\n\r\n                        \r\n                            <h3 class=\"ut-plan-module-headline\">Scale-ups \ud83d\udcc8<\/h3>\r\n\r\n                        \r\n                        \r\n                        <span class=\"ut-plan-module-subheadline\">Schnelle Skalierung<\/span>\r\n\r\n                                    \r\n\r\n                    <\/div>\r\n                \r\n                                \r\n                                \r\n                                \r\n                                \r\n                                \r\n                    <div class=\"ut-plan-module-button\">\r\n                            \r\n                                                                        \r\n                        <style type=\"text\/css\">#bklyn_btn_69ecdc34ac379 a.bklyn-btn { font-weight:100 !important; }#bklyn_btn_69ecdc34ac379.bklyn-btn-header a.bklyn-btn { font-weight:100 !important; }#bklyn_btn_69ecdc34ac379.bklyn-btn-header a.bklyn-btn span { font-weight:100 !important; }<\/style><div id=\"bklyn_btn_69ecdc34ac379\" class=\"bklyn-btn-holder  bklyn-btn-center bklyn-btn-tablet-center bklyn-btn-mobile-center\"><a title=\"Gespr\u00e4ch Vereinbaren f\u00fcr Scale-ups\"   href=\"https:\/\/calendly.com\/fit2grow-balazs-bogda\/30min\" target=\"_blank\" class=\"bklyn-btn  bklyn-btn-small\" ><span class=\"ut-btn-text\">Skalieren Sie mit uns<\/span><\/a><\/div>                            \r\n                    <\/div>\r\n                \r\n                                \r\n            <\/div>\r\n            \r\n            <\/div><style type=\"text\/css\">#ut_custom_heading69ecdc34ac3ad { font-size:14px !important; }#ut_custom_heading69ecdc34ac3ad { text-align:left; }@media (min-width: 768px) and (max-width: 1024px) { #ut_custom_heading69ecdc34ac3ad { text-align:left; } }@media (max-width: 767px) { #ut_custom_heading69ecdc34ac3ad { text-align:left; } }<\/style><p id=\"ut_custom_heading69ecdc34ac3ad\" data-responsive-font=\"p\" data-responsive-font-settings=\"{&quot;base-font-size&quot;:&quot;global&quot;,&quot;font-size&quot;:{&quot;desktop_large&quot;:&quot;14&quot;},&quot;base-line-height&quot;:&quot;global&quot;,&quot;base-letter-spacing&quot;:&quot;global&quot;}\" class=\"ut-custom-heading-module\" ><span class=\"\" ><\/p>\n<div style=\"margin-bottom:18px;\">\n<strong>Ihre Phase:<\/strong><br \/>\nStarkes Wachstum, zunehmende Marktkomplexit\u00e4t<\/div>\n<div style=\"margin-bottom:48px;\">\n<strong>Ihre Herausforderung:<\/strong><br \/>\nWie kann man skalieren, ohne an Effizienz oder Kontrolle einzub\u00fc\u00dfen?<\/div>\n<div style=\"margin-bottom:18px;\">\n<strong>Was fehlt:<\/strong><br \/>\nSkalierbarkeit, Ausrichtung und Leistungsklarheit<\/div>\n<div style=\"margin-bottom:18px;\">\n<strong>Was Sie ben\u00f6tigen:<\/strong><br \/>\nEin vernetzter Wachstumsmotor, der eine nachhaltige Skalierung \u00fcber Kan\u00e4le, Teams und Regionen hinweg erm\u00f6glicht<\/div>\n<div style=\"margin-bottom:18px;\">\n<strong>So helfen wir:<\/strong><br \/>\nWir bauen das aus, was funktioniert \u2013 ohne das zu zerst\u00f6ren, was den Erfolg ausgemacht hat<\/div>\n<p><\/span><\/p><\/div><\/div><\/div><\/div><div class=\"vc_row-full-width vc_clearfix\"><\/div><div id=\"ut-row-69ecdc34ac7d6\" data-vc-full-width=\"true\" data-vc-full-width-init=\"false\" class=\"vc_row wpb_row vc_row-fluid vc_column-gap-0 ut-row-69ecdc34ac7db\" ><div class=\"wpb_column vc_column_container vc_col-sm-12\" ><div id=\"ut_inner_column_69ecdc34accb6\" class=\"vc_column-inner\" ><div class=\"wpb_wrapper\"><div class=\"wpb_content_element\"><style type=\"text\/css\">#bklyn_btn_69ecdc34acd25 .bklyn-btn { border-width:px !important; border-radius:px !important; }<\/style><div id=\"bklyn_cta_69ecdc34acd24\" class=\"bklyn-call-to-action-wrapper\"><div class=\"bklyn-call-to-action-inner clearfix\"><div class=\"bklyn-call-to-action-content\"><h3 class=\"bklyn-call-to-action-title\">Starten Sie Ihr Umsatzwachstum \u2013 ganz nach Ihrer aktuellen Situation<\/h3><p>Kostenlose 30-min\u00fctige Strategieberatung \u2013 gehen Sie mit einem klaren, umsetzbaren Wachstumsplan nach Hause.<\/p>\n<\/div><div class=\"bklyn-call-to-action-button-holder\"><div id=\"bklyn_btn_69ecdc34acd25\" class=\"bklyn-btn-holder bklyn-btn-center bklyn-btn-tablet-center bklyn-btn-mobile-center\"><a title=\"Gespr\u00e4ch Buchen\" href=\"https:\/\/calendly.com\/fit2grow-balazs-bogda\/30min\" target=\"_blank\" class=\"bklyn-btn bklyn-btn-normal\" >Starten Sie Ihren Growth Plan<\/a><\/div><\/div><\/div><\/div><\/div><\/div><\/div><\/div><style type=\"text\/css\">#ut-row-69ecdc34ac7d6{padding-top: 40px !important;} <\/style><\/div><div class=\"vc_row-full-width vc_clearfix\"><\/div><a data-id=\"section-without-id\" class=\"ut-vc-offset-anchor-bottom\" name=\"section-without-id\"><\/a><style type=\"text\/css\">#ut-section-69ecdc34a63b0{background-position: center !important;background-repeat: no-repeat !important;background-size: cover !important;} <\/style><\/section><div class=\"vc_row-full-width vc_clearfix\"><\/div>\n<\/div>","protected":false},"excerpt":{"rendered":"Find where you are and what it takes to grow from thereGrowth isn\u2019t one-size-fits-all. Different stages need different systems. Here\u2019s how we help at each one. Startups \ud83d\ude80 Getting Started Start With Us Your Stage: Early traction, testing channels Your Challenge: What actually drives growth \u2014 and what\u2019s just noise? What\u2019s Missing: Clarity, focus, and [...]","protected":false},"author":1,"featured_media":0,"parent":0,"menu_order":0,"comment_status":"closed","ping_status":"closed","template":"","meta":{"_vp_format_video_url":"","_vp_image_focal_point":[],"footnotes":""},"class_list":["post-7570","page","type-page","status-publish","hentry"],"yoast_head":"<!-- This site is optimized with the Yoast SEO plugin v27.4 - https:\/\/yoast.com\/product\/yoast-seo-wordpress\/ -->\n<title>Who We Help | Fit 2 Grow<\/title>\n<meta name=\"robots\" content=\"noindex, nofollow\" \/>\n<meta property=\"og:locale\" content=\"de_DE\" \/>\n<meta property=\"og:type\" content=\"article\" \/>\n<meta property=\"og:title\" content=\"Who We Help | Fit 2 Grow\" \/>\n<meta property=\"og:url\" content=\"https:\/\/fit2grow.io\/de\/who-we-help\/\" \/>\n<meta property=\"og:site_name\" content=\"fit2grow.io\" \/>\n<meta property=\"article:modified_time\" content=\"2026-04-13T11:01:25+00:00\" \/>\n<meta name=\"twitter:card\" content=\"summary_large_image\" \/>\n<meta name=\"twitter:label1\" content=\"Gesch\u00e4tzte Lesezeit\" \/>\n\t<meta name=\"twitter:data1\" content=\"1\u00a0Minute\" \/>\n<script type=\"application\/ld+json\" class=\"yoast-schema-graph\">{\"@context\":\"https:\\\/\\\/schema.org\",\"@graph\":[{\"@type\":\"WebPage\",\"@id\":\"https:\\\/\\\/fit2grow.io\\\/who-we-help\\\/\",\"url\":\"https:\\\/\\\/fit2grow.io\\\/who-we-help\\\/\",\"name\":\"Who We Help | Fit 2 Grow\",\"isPartOf\":{\"@id\":\"https:\\\/\\\/fit2grow.io\\\/#website\"},\"datePublished\":\"2026-04-13T10:22:39+00:00\",\"dateModified\":\"2026-04-13T11:01:25+00:00\",\"breadcrumb\":{\"@id\":\"https:\\\/\\\/fit2grow.io\\\/who-we-help\\\/#breadcrumb\"},\"inLanguage\":\"de\",\"potentialAction\":[{\"@type\":\"ReadAction\",\"target\":[\"https:\\\/\\\/fit2grow.io\\\/who-we-help\\\/\"]}]},{\"@type\":\"BreadcrumbList\",\"@id\":\"https:\\\/\\\/fit2grow.io\\\/who-we-help\\\/#breadcrumb\",\"itemListElement\":[{\"@type\":\"ListItem\",\"position\":1,\"name\":\"Home\",\"item\":\"https:\\\/\\\/fit2grow.io\\\/\"},{\"@type\":\"ListItem\",\"position\":2,\"name\":\"Who We Help\"}]},{\"@type\":\"WebSite\",\"@id\":\"https:\\\/\\\/fit2grow.io\\\/#website\",\"url\":\"https:\\\/\\\/fit2grow.io\\\/\",\"name\":\"fit2grow.io\",\"description\":\"Webanalitika, n\u00f6veked\u00e9s \u00f6szt\u00f6nz\u00e9s\",\"publisher\":{\"@id\":\"https:\\\/\\\/fit2grow.io\\\/#organization\"},\"potentialAction\":[{\"@type\":\"SearchAction\",\"target\":{\"@type\":\"EntryPoint\",\"urlTemplate\":\"https:\\\/\\\/fit2grow.io\\\/?s={search_term_string}\"},\"query-input\":{\"@type\":\"PropertyValueSpecification\",\"valueRequired\":true,\"valueName\":\"search_term_string\"}}],\"inLanguage\":\"de\"},{\"@type\":\"Organization\",\"@id\":\"https:\\\/\\\/fit2grow.io\\\/#organization\",\"name\":\"fit2grow.io\",\"url\":\"https:\\\/\\\/fit2grow.io\\\/\",\"logo\":{\"@type\":\"ImageObject\",\"inLanguage\":\"de\",\"@id\":\"https:\\\/\\\/fit2grow.io\\\/#\\\/schema\\\/logo\\\/image\\\/\",\"url\":\"https:\\\/\\\/fit2grow.io\\\/wp-content\\\/uploads\\\/2023\\\/01\\\/cropped-Fit2Grow-icon-inverse.png\",\"contentUrl\":\"https:\\\/\\\/fit2grow.io\\\/wp-content\\\/uploads\\\/2023\\\/01\\\/cropped-Fit2Grow-icon-inverse.png\",\"width\":512,\"height\":512,\"caption\":\"fit2grow.io\"},\"image\":{\"@id\":\"https:\\\/\\\/fit2grow.io\\\/#\\\/schema\\\/logo\\\/image\\\/\"},\"sameAs\":[\"https:\\\/\\\/www.linkedin.com\\\/company\\\/42431305\\\/\"]}]}<\/script>\n<!-- \/ Yoast SEO plugin. -->","yoast_head_json":{"title":"Who We Help | Fit 2 Grow","robots":{"index":"noindex","follow":"nofollow"},"og_locale":"de_DE","og_type":"article","og_title":"Who We Help | Fit 2 Grow","og_url":"https:\/\/fit2grow.io\/de\/who-we-help\/","og_site_name":"fit2grow.io","article_modified_time":"2026-04-13T11:01:25+00:00","twitter_card":"summary_large_image","twitter_misc":{"Gesch\u00e4tzte Lesezeit":"1\u00a0Minute"},"schema":{"@context":"https:\/\/schema.org","@graph":[{"@type":"WebPage","@id":"https:\/\/fit2grow.io\/who-we-help\/","url":"https:\/\/fit2grow.io\/who-we-help\/","name":"Who We Help | Fit 2 Grow","isPartOf":{"@id":"https:\/\/fit2grow.io\/#website"},"datePublished":"2026-04-13T10:22:39+00:00","dateModified":"2026-04-13T11:01:25+00:00","breadcrumb":{"@id":"https:\/\/fit2grow.io\/who-we-help\/#breadcrumb"},"inLanguage":"de","potentialAction":[{"@type":"ReadAction","target":["https:\/\/fit2grow.io\/who-we-help\/"]}]},{"@type":"BreadcrumbList","@id":"https:\/\/fit2grow.io\/who-we-help\/#breadcrumb","itemListElement":[{"@type":"ListItem","position":1,"name":"Home","item":"https:\/\/fit2grow.io\/"},{"@type":"ListItem","position":2,"name":"Who We Help"}]},{"@type":"WebSite","@id":"https:\/\/fit2grow.io\/#website","url":"https:\/\/fit2grow.io\/","name":"fit2grow.io","description":"Webanalitika, n\u00f6veked\u00e9s \u00f6szt\u00f6nz\u00e9s","publisher":{"@id":"https:\/\/fit2grow.io\/#organization"},"potentialAction":[{"@type":"SearchAction","target":{"@type":"EntryPoint","urlTemplate":"https:\/\/fit2grow.io\/?s={search_term_string}"},"query-input":{"@type":"PropertyValueSpecification","valueRequired":true,"valueName":"search_term_string"}}],"inLanguage":"de"},{"@type":"Organization","@id":"https:\/\/fit2grow.io\/#organization","name":"fit2grow.io","url":"https:\/\/fit2grow.io\/","logo":{"@type":"ImageObject","inLanguage":"de","@id":"https:\/\/fit2grow.io\/#\/schema\/logo\/image\/","url":"https:\/\/fit2grow.io\/wp-content\/uploads\/2023\/01\/cropped-Fit2Grow-icon-inverse.png","contentUrl":"https:\/\/fit2grow.io\/wp-content\/uploads\/2023\/01\/cropped-Fit2Grow-icon-inverse.png","width":512,"height":512,"caption":"fit2grow.io"},"image":{"@id":"https:\/\/fit2grow.io\/#\/schema\/logo\/image\/"},"sameAs":["https:\/\/www.linkedin.com\/company\/42431305\/"]}]}},"_links":{"self":[{"href":"https:\/\/fit2grow.io\/de\/wp-json\/wp\/v2\/pages\/7570","targetHints":{"allow":["GET"]}}],"collection":[{"href":"https:\/\/fit2grow.io\/de\/wp-json\/wp\/v2\/pages"}],"about":[{"href":"https:\/\/fit2grow.io\/de\/wp-json\/wp\/v2\/types\/page"}],"author":[{"embeddable":true,"href":"https:\/\/fit2grow.io\/de\/wp-json\/wp\/v2\/users\/1"}],"replies":[{"embeddable":true,"href":"https:\/\/fit2grow.io\/de\/wp-json\/wp\/v2\/comments?post=7570"}],"version-history":[{"count":6,"href":"https:\/\/fit2grow.io\/de\/wp-json\/wp\/v2\/pages\/7570\/revisions"}],"predecessor-version":[{"id":7682,"href":"https:\/\/fit2grow.io\/de\/wp-json\/wp\/v2\/pages\/7570\/revisions\/7682"}],"wp:attachment":[{"href":"https:\/\/fit2grow.io\/de\/wp-json\/wp\/v2\/media?parent=7570"}],"curies":[{"name":"wp","href":"https:\/\/api.w.org\/{rel}","templated":true}]}}