{"id":7535,"date":"2026-04-13T11:21:40","date_gmt":"2026-04-13T10:21:40","guid":{"rendered":"https:\/\/fit2grow.io\/?page_id=7535"},"modified":"2026-04-13T11:59:43","modified_gmt":"2026-04-13T10:59:43","slug":"solutions","status":"publish","type":"page","link":"https:\/\/fit2grow.io\/de\/solutions\/","title":{"rendered":"L\u00f6sungen"},"content":{"rendered":"<div class=\"wpb-content-wrapper\"><section id=\"ut-section-69ecda62cb503\" data-vc-full-width=\"true\" data-vc-full-width-init=\"false\" data-background-image=\"https:\/\/fit2grow.io\/wp-content\/uploads\/2020\/10\/brooklyn-team-section-bg.jpg?id=6337\" data-cursor-skin=\"global\" class=\"vc_section ut-vc-120 vc_section-has-fill ut-section-69ecda62cb50e ut-background-lozad\"><div id=\"ut-row-69ecda62cbc30\" data-vc-full-width=\"true\" data-vc-full-width-init=\"false\" class=\"vc_row wpb_row vc_row-fluid vc_column-gap-0 ut-animate-element animated ut-no-animation-tablet ut-no-animation-mobile ut-row-69ecda62cbd69\" data-effect=\"fadeIn\" data-animateonce=\"yes\" data-delay=\"200\" data-animation-duration=\"1.5s\"><div class=\"wpb_column vc_column_container vc_col-sm-12\" ><div id=\"ut_inner_column_69ecda62cc44c\" class=\"vc_column-inner\" ><div class=\"wpb_wrapper\"><div class=\"wpb_content_element\"><style type=\"text\/css\">#ut_header_69ecda62cc951 h1.section-title { font-size:80px !important;line-height:90px !important;letter-spacing:-0.03em; }<\/style><header id=\"ut_header_69ecda62cc951\" class=\"section-header  ut-no-lead-linebreak-mobile pt-style-7 header-left header-tablet-left header-mobile-center element-with-custom-line-height\"><div class=\"element-with-custom-line-height\" ><h1 data-title=\"Growth Solutions&#13;&#10;That Actually Scale\"  data-responsive-font=\"section_title\" data-responsive-font-settings=\"{&quot;base-font-size&quot;:&quot;80&quot;,&quot;font-size-unit&quot;:&quot;px&quot;,&quot;font-size&quot;:{&quot;desktop_large&quot;:&quot;80&quot;},&quot;base-line-height&quot;:&quot;90&quot;,&quot;line-height-unit&quot;:&quot;px&quot;,&quot;line-height&quot;:{&quot;desktop_large&quot;:&quot;90&quot;},&quot;base-letter-spacing&quot;:&quot;global&quot;,&quot;letter-spacing&quot;:{&quot;desktop_large&quot;:&quot;-0.03&quot;}}\" class=\"section-title title-with-linebreak\"><span>Wachstumsl\u00f6sungen<br \/>\ndie sich tats\u00e4chlich skalieren lassen<\/span><\/h1><\/div><div data-delay=\"0\" class=\"lead title-with-linebreak\"><p>H\u00f6ren Sie auf zu raten. Fangen Sie an zu wachsen. Wir helfen Start-ups, Scale-ups und KMUs dabei, ihr Marketing<br \/>\nin vorhersehbare Ums\u00e4tze umzuwandeln mit Systemen, die Sie replizieren, skalieren und denen Sie vertrauen k\u00f6nnen.<\/p>\n<\/div><\/header><\/div><\/div><\/div><\/div><\/div><div class=\"vc_row-full-width vc_clearfix\"><\/div><div id=\"ut-row-69ecda62d00d4\" data-vc-full-width=\"true\" data-vc-full-width-init=\"false\" class=\"vc_row wpb_row vc_row-fluid vc_column-gap-0 ut-animate-element animated ut-no-animation-tablet ut-no-animation-mobile ut-row-69ecda62d01e6\" data-effect=\"fadeIn\" data-animateonce=\"yes\" data-delay=\"200\" data-animation-duration=\"1.5s\"><div class=\"wpb_column vc_column_container vc_col-sm-5\" ><div id=\"ut_inner_column_69ecda62d05ae\" class=\"vc_column-inner\" ><div class=\"wpb_wrapper\"><style type=\"text\/css\">#ut_custom_heading69ecda62d0642 { font-size:25px !important; }#ut_custom_heading69ecda62d0642 { text-align:left; }@media (min-width: 768px) and (max-width: 1024px) { #ut_custom_heading69ecda62d0642 { text-align:left; } }@media (max-width: 767px) { #ut_custom_heading69ecda62d0642 { text-align:left; } }<\/style><h2 id=\"ut_custom_heading69ecda62d0642\" data-responsive-font=\"h2\" data-responsive-font-settings=\"{&quot;base-font-size&quot;:&quot;global&quot;,&quot;font-size&quot;:{&quot;desktop_large&quot;:&quot;25&quot;},&quot;base-line-height&quot;:&quot;global&quot;,&quot;base-letter-spacing&quot;:&quot;global&quot;}\" class=\"ut-custom-heading-module\" ><span class=\"\" >Kundenakquise<\/span><\/h2><style type=\"text\/css\">#ut_custom_heading69ecda62d0699 { font-size:14px !important; }#ut_custom_heading69ecda62d0699 { text-align:left; }@media (min-width: 768px) and (max-width: 1024px) { #ut_custom_heading69ecda62d0699 { text-align:left; } }@media (max-width: 767px) { #ut_custom_heading69ecda62d0699 { text-align:left; } }<\/style><p id=\"ut_custom_heading69ecda62d0699\" data-responsive-font=\"p\" data-responsive-font-settings=\"{&quot;base-font-size&quot;:&quot;global&quot;,&quot;font-size&quot;:{&quot;desktop_large&quot;:&quot;14&quot;},&quot;base-line-height&quot;:&quot;global&quot;,&quot;base-letter-spacing&quot;:&quot;global&quot;}\" class=\"ut-custom-heading-module\" ><span class=\"\" ><b>Gewinnen Sie die richtigen Kunden \u2013 jedes Mal<\/b><br \/>\n\u25aa Generieren Sie kontinuierlich Leads, die sich in echte Ums\u00e4tze verwandeln<br \/>\n\u25aa Sprechen Sie hochwertige Zielgruppen auf den europ\u00e4ischen M\u00e4rkten an<br \/>\n\u25aa Bauen Sie Akquisitions-Trichter auf, die Monat f\u00fcr Monat Ergebnisse liefern<\/span><\/p><\/div><\/div><\/div><div class=\"wpb_column vc_column_container vc_col-sm-1\" ><div id=\"ut_inner_column_69ecda62d0806\" class=\"vc_column-inner\" ><div class=\"wpb_wrapper\"><\/div><\/div><\/div><div class=\"wpb_column vc_column_container vc_col-sm-5\" ><div id=\"ut_inner_column_69ecda62d095a\" class=\"vc_column-inner\" ><div class=\"wpb_wrapper\"><style type=\"text\/css\">#ut_custom_heading69ecda62d09a0 { font-size:25px !important; }#ut_custom_heading69ecda62d09a0 { text-align:left; }@media (min-width: 768px) and (max-width: 1024px) { #ut_custom_heading69ecda62d09a0 { text-align:left; } }@media (max-width: 767px) { #ut_custom_heading69ecda62d09a0 { text-align:left; } }<\/style><h2 id=\"ut_custom_heading69ecda62d09a0\" data-responsive-font=\"h2\" data-responsive-font-settings=\"{&quot;base-font-size&quot;:&quot;global&quot;,&quot;font-size&quot;:{&quot;desktop_large&quot;:&quot;25&quot;},&quot;base-line-height&quot;:&quot;global&quot;,&quot;base-letter-spacing&quot;:&quot;global&quot;}\" class=\"ut-custom-heading-module\" ><span class=\"\" >Leistung &amp; Skalierbarkeit<\/span><\/h2><style type=\"text\/css\">#ut_custom_heading69ecda62d09de { font-size:14px !important; }#ut_custom_heading69ecda62d09de { text-align:left; }@media (min-width: 768px) and (max-width: 1024px) { #ut_custom_heading69ecda62d09de { text-align:left; } }@media (max-width: 767px) { #ut_custom_heading69ecda62d09de { text-align:left; } }<\/style><p id=\"ut_custom_heading69ecda62d09de\" data-responsive-font=\"p\" data-responsive-font-settings=\"{&quot;base-font-size&quot;:&quot;global&quot;,&quot;font-size&quot;:{&quot;desktop_large&quot;:&quot;14&quot;},&quot;base-line-height&quot;:&quot;global&quot;,&quot;base-letter-spacing&quot;:&quot;global&quot;}\" class=\"ut-custom-heading-module\" ><span class=\"\" ><b>Skalieren Sie, was funktioniert, schnell<\/b><br \/>\n\u25aa Ermitteln Sie die Kampagnen und Kan\u00e4le, die wirklich etwas bewirken<br \/>\n\u25aa Optimieren Sie die Marketingleistung mit Echtzeit-Einblicken<br \/>\n\u25aa Verwandeln Sie erste Erfolge in vorhersehbares, wiederholbares Wachstum<\/span><\/p><\/div><\/div><\/div><div class=\"wpb_column vc_column_container vc_col-sm-1\" ><div id=\"ut_inner_column_69ecda62d0b40\" class=\"vc_column-inner\" ><div class=\"wpb_wrapper\"><\/div><\/div><\/div><\/div><div class=\"vc_row-full-width vc_clearfix\"><\/div><div id=\"ut-row-69ecda62d0f1b\" data-vc-full-width=\"true\" data-vc-full-width-init=\"false\" class=\"vc_row wpb_row vc_row-fluid vc_column-gap-0 ut-row-69ecda62d0f20\" ><div class=\"wpb_column vc_column_container vc_col-sm-1\" ><div id=\"ut_inner_column_69ecda62d1280\" class=\"vc_column-inner\" ><div class=\"wpb_wrapper\"><\/div><\/div><\/div><div class=\"wpb_column vc_column_container vc_col-sm-5\" ><div id=\"ut_inner_column_69ecda62d13c8\" class=\"vc_column-inner\" ><div class=\"wpb_wrapper\"><style type=\"text\/css\">#ut_custom_heading69ecda62d1411 { font-size:25px !important; }#ut_custom_heading69ecda62d1411 { text-align:left; }@media (min-width: 768px) and (max-width: 1024px) { #ut_custom_heading69ecda62d1411 { text-align:left; } }@media (max-width: 767px) { #ut_custom_heading69ecda62d1411 { text-align:left; } }<\/style><h2 id=\"ut_custom_heading69ecda62d1411\" data-responsive-font=\"h2\" data-responsive-font-settings=\"{&quot;base-font-size&quot;:&quot;global&quot;,&quot;font-size&quot;:{&quot;desktop_large&quot;:&quot;25&quot;},&quot;base-line-height&quot;:&quot;global&quot;,&quot;base-letter-spacing&quot;:&quot;global&quot;}\" class=\"ut-custom-heading-module\" ><span class=\"\" >Positionierung &amp; Botschaften<\/span><\/h2><style type=\"text\/css\">#ut_custom_heading69ecda62d1450 { font-size:14px !important; }#ut_custom_heading69ecda62d1450 { text-align:left; }@media (min-width: 768px) and (max-width: 1024px) { #ut_custom_heading69ecda62d1450 { text-align:left; } }@media (max-width: 767px) { #ut_custom_heading69ecda62d1450 { text-align:left; } }<\/style><p id=\"ut_custom_heading69ecda62d1450\" data-responsive-font=\"p\" data-responsive-font-settings=\"{&quot;base-font-size&quot;:&quot;global&quot;,&quot;font-size&quot;:{&quot;desktop_large&quot;:&quot;14&quot;},&quot;base-line-height&quot;:&quot;global&quot;,&quot;base-letter-spacing&quot;:&quot;global&quot;}\" class=\"ut-custom-heading-module\" ><span class=\"\" ><b>Sorgen Sie daf\u00fcr, dass Ihre Marke nicht zu \u00fcbersehen ist<\/b><br \/>\n\u25aa Formulieren Sie Botschaften, die ankommen und zum Kauf f\u00fchren<br \/>\n\u25aa Positionieren Sie Ihr Unternehmen so, dass es sich auf umk\u00e4mpften M\u00e4rkten von der Konkurrenz abhebt<br \/>\n\u25aa Achten Sie auf einheitliche Botschaften \u00fcber alle Kan\u00e4le und Kontaktpunkte hinweg<\/span><\/p><\/div><\/div><\/div><div class=\"wpb_column vc_column_container vc_col-sm-1\" ><div id=\"ut_inner_column_69ecda62d15b2\" class=\"vc_column-inner\" ><div class=\"wpb_wrapper\"><\/div><\/div><\/div><div class=\"wpb_column vc_column_container vc_col-sm-5\" ><div id=\"ut_inner_column_69ecda62d16fe\" class=\"vc_column-inner\" ><div class=\"wpb_wrapper\"><style type=\"text\/css\">#ut_custom_heading69ecda62d1740 { font-size:25px !important; }#ut_custom_heading69ecda62d1740 { text-align:left; }@media (min-width: 768px) and (max-width: 1024px) { #ut_custom_heading69ecda62d1740 { text-align:left; } }@media (max-width: 767px) { #ut_custom_heading69ecda62d1740 { text-align:left; } }<\/style><h2 id=\"ut_custom_heading69ecda62d1740\" data-responsive-font=\"h2\" data-responsive-font-settings=\"{&quot;base-font-size&quot;:&quot;global&quot;,&quot;font-size&quot;:{&quot;desktop_large&quot;:&quot;25&quot;},&quot;base-line-height&quot;:&quot;global&quot;,&quot;base-letter-spacing&quot;:&quot;global&quot;}\" class=\"ut-custom-heading-module\" ><span class=\"\" >Markteinf\u00fchrung &amp; Launch<\/span><\/h2><style type=\"text\/css\">#ut_custom_heading69ecda62d177a { font-size:14px !important; }#ut_custom_heading69ecda62d177a { text-align:left; }@media (min-width: 768px) and (max-width: 1024px) { #ut_custom_heading69ecda62d177a { text-align:left; } }@media (max-width: 767px) { #ut_custom_heading69ecda62d177a { text-align:left; } }<\/style><p id=\"ut_custom_heading69ecda62d177a\" data-responsive-font=\"p\" data-responsive-font-settings=\"{&quot;base-font-size&quot;:&quot;global&quot;,&quot;font-size&quot;:{&quot;desktop_large&quot;:&quot;14&quot;},&quot;base-line-height&quot;:&quot;global&quot;,&quot;base-letter-spacing&quot;:&quot;global&quot;}\" class=\"ut-custom-heading-module\" ><span class=\"\" ><b>Starten Sie voller Zuversicht und legen Sie einen Blitzstart hin<\/b><br \/>\n\u25aa Markteinf\u00fchrungen durchf\u00fchren, die Aufmerksamkeit erregen und den Umsatz steigern<br \/>\n\u25aa Produkt, Zielgruppe und Kan\u00e4le aufeinander abstimmen, um eine maximale Wirkung zu erzielen<br \/>\n\u25aa Risiken minimieren und gleichzeitig das Wachstum beschleunigen<\/span><\/p><\/div><\/div><\/div><\/div><div class=\"vc_row-full-width vc_clearfix\"><\/div><div id=\"ut-row-69ecda62d1b77\" data-vc-full-width=\"true\" data-vc-full-width-init=\"false\" class=\"vc_row wpb_row vc_row-fluid vc_column-gap-0 ut-row-69ecda62d1b7d\" ><div class=\"wpb_column vc_column_container vc_col-sm-5\" ><div id=\"ut_inner_column_69ecda62d1f19\" class=\"vc_column-inner\" ><div class=\"wpb_wrapper\"><style type=\"text\/css\">#ut_custom_heading69ecda62d1f60 { font-size:25px !important; }#ut_custom_heading69ecda62d1f60 { text-align:left; }@media (min-width: 768px) and (max-width: 1024px) { #ut_custom_heading69ecda62d1f60 { text-align:left; } }@media (max-width: 767px) { #ut_custom_heading69ecda62d1f60 { text-align:left; } }<\/style><h2 id=\"ut_custom_heading69ecda62d1f60\" data-responsive-font=\"h2\" data-responsive-font-settings=\"{&quot;base-font-size&quot;:&quot;global&quot;,&quot;font-size&quot;:{&quot;desktop_large&quot;:&quot;25&quot;},&quot;base-line-height&quot;:&quot;global&quot;,&quot;base-letter-spacing&quot;:&quot;global&quot;}\" class=\"ut-custom-heading-module\" ><span class=\"\" >Wachstumsinfrastruktur (KI, Analytik, Automatisierung)<\/span><\/h2><style type=\"text\/css\">#ut_custom_heading69ecda62d1f9f { font-size:14px !important; }#ut_custom_heading69ecda62d1f9f { text-align:left; }@media (min-width: 768px) and (max-width: 1024px) { #ut_custom_heading69ecda62d1f9f { text-align:left; } }@media (max-width: 767px) { #ut_custom_heading69ecda62d1f9f { text-align:left; } }<\/style><p id=\"ut_custom_heading69ecda62d1f9f\" data-responsive-font=\"p\" data-responsive-font-settings=\"{&quot;base-font-size&quot;:&quot;global&quot;,&quot;font-size&quot;:{&quot;desktop_large&quot;:&quot;14&quot;},&quot;base-line-height&quot;:&quot;global&quot;,&quot;base-letter-spacing&quot;:&quot;global&quot;}\" class=\"ut-custom-heading-module\" ><span class=\"\" ><b>Schaffe den Motor, der das Wachstum antreibt<\/b><br \/>\n\u25aa Nutzen Sie KI und Analysen, um schneller fundiertere Entscheidungen zu treffen<br \/>\n\u25aa Automatisieren Sie Prozesse, damit sich Ihr Team auf das Wachstum konzentrieren kann, statt sich mit Routineaufgaben aufzuhalten<br \/>\n\u25aa Schaffen Sie ein System, das sich kontinuierlich optimiert und skaliert<\/span><\/p><\/div><\/div><\/div><div class=\"wpb_column vc_column_container vc_col-sm-2\" ><div id=\"ut_inner_column_69ecda62d20fe\" class=\"vc_column-inner\" ><div class=\"wpb_wrapper\"><\/div><\/div><\/div><div class=\"cta-box wpb_column vc_column_container vc_col-sm-5\" ><div id=\"ut_inner_column_69ecda62d2250\" class=\"vc_column-inner\" ><div class=\"wpb_wrapper\"><div class=\"wpb_content_element\"><style type=\"text\/css\">#bklyn_cta_69ecda62d23ee .bklyn-call-to-action-title { font-size: 20px; }#bklyn_btn_69ecda62d23ef .bklyn-btn { color:#d5041f !important; border-color:#000000 !important; border-width:2px !important; border-radius:px !important; }<\/style><div id=\"bklyn_cta_69ecda62d23ee\" class=\"bklyn-call-to-action-wrapper\"><div class=\"bklyn-call-to-action-inner clearfix\"><div class=\"bklyn-call-to-action-content\"><h3 class=\"bklyn-call-to-action-title\">Starten Sie Ihr Umsatzwachstum<\/h3><p>Kostenlose 30-min\u00fctige Strategieberatung \u2013 gehen Sie mit einem klaren, umsetzbaren Wachstumsplan nach Hause.<\/p>\n<\/div><div class=\"bklyn-call-to-action-button-holder\"><div id=\"bklyn_btn_69ecda62d23ef\" class=\"bklyn-btn-holder bklyn-btn-center bklyn-btn-tablet-center bklyn-btn-mobile-center\"><a title=\"Gespr\u00e4ch Buchen\" href=\"https:\/\/calendly.com\/fit2grow-balazs-bogda\/30min\" target=\"_blank\" class=\"bklyn-btn bklyn-btn-normal bklyn-btn-outline\" >Starten Sie Ihren Growth Plan<\/a><\/div><\/div><\/div><\/div><\/div><\/div><\/div><style type=\"text\/css\">#ut_inner_column_69ecda62d2250{border-radius: 3px !important;border-color: #000000 !important;}<\/style><\/div><\/div><div class=\"vc_row-full-width vc_clearfix\"><\/div><a data-id=\"section-without-id\" class=\"ut-vc-offset-anchor-bottom\" name=\"section-without-id\"><\/a><style type=\"text\/css\">#ut-section-69ecda62cb503{background-position: center !important;background-repeat: no-repeat !important;background-size: cover !important;} <\/style><\/section><div class=\"vc_row-full-width vc_clearfix\"><\/div>\n<\/div>","protected":false},"excerpt":{"rendered":"Growth Solutions That Actually ScaleStop guessing. Start growing. We help startups, scale-ups, and SMEs turn marketing into predictable revenue \u2014 across Europe \u2014 with systems you can replicate, scale, and trust. Customer AcquisitionAcquire the right customers \u2014 every time \u25aa Consistently generate leads that convert into real revenue \u25aa Target high-value audiences across European markets [...]","protected":false},"author":1,"featured_media":0,"parent":0,"menu_order":0,"comment_status":"closed","ping_status":"closed","template":"","meta":{"_vp_format_video_url":"","_vp_image_focal_point":[],"footnotes":""},"class_list":["post-7535","page","type-page","status-publish","hentry"],"yoast_head":"<!-- This site is optimized with the Yoast SEO plugin v27.4 - https:\/\/yoast.com\/product\/yoast-seo-wordpress\/ -->\n<title>Solutions | Fit 2 Grow<\/title>\n<meta name=\"robots\" content=\"noindex, nofollow\" \/>\n<meta property=\"og:locale\" content=\"de_DE\" \/>\n<meta property=\"og:type\" content=\"article\" \/>\n<meta property=\"og:title\" content=\"Solutions | Fit 2 Grow\" \/>\n<meta property=\"og:url\" content=\"https:\/\/fit2grow.io\/de\/solutions\/\" \/>\n<meta property=\"og:site_name\" content=\"fit2grow.io\" \/>\n<meta property=\"article:modified_time\" content=\"2026-04-13T10:59:43+00:00\" \/>\n<meta name=\"twitter:card\" content=\"summary_large_image\" \/>\n<meta name=\"twitter:label1\" content=\"Gesch\u00e4tzte Lesezeit\" \/>\n\t<meta name=\"twitter:data1\" content=\"1\u00a0Minute\" \/>\n<script type=\"application\/ld+json\" class=\"yoast-schema-graph\">{\"@context\":\"https:\\\/\\\/schema.org\",\"@graph\":[{\"@type\":\"WebPage\",\"@id\":\"https:\\\/\\\/fit2grow.io\\\/solutions\\\/\",\"url\":\"https:\\\/\\\/fit2grow.io\\\/solutions\\\/\",\"name\":\"Solutions | Fit 2 Grow\",\"isPartOf\":{\"@id\":\"https:\\\/\\\/fit2grow.io\\\/#website\"},\"datePublished\":\"2026-04-13T10:21:40+00:00\",\"dateModified\":\"2026-04-13T10:59:43+00:00\",\"breadcrumb\":{\"@id\":\"https:\\\/\\\/fit2grow.io\\\/solutions\\\/#breadcrumb\"},\"inLanguage\":\"de\",\"potentialAction\":[{\"@type\":\"ReadAction\",\"target\":[\"https:\\\/\\\/fit2grow.io\\\/solutions\\\/\"]}]},{\"@type\":\"BreadcrumbList\",\"@id\":\"https:\\\/\\\/fit2grow.io\\\/solutions\\\/#breadcrumb\",\"itemListElement\":[{\"@type\":\"ListItem\",\"position\":1,\"name\":\"Home\",\"item\":\"https:\\\/\\\/fit2grow.io\\\/\"},{\"@type\":\"ListItem\",\"position\":2,\"name\":\"Solutions\"}]},{\"@type\":\"WebSite\",\"@id\":\"https:\\\/\\\/fit2grow.io\\\/#website\",\"url\":\"https:\\\/\\\/fit2grow.io\\\/\",\"name\":\"fit2grow.io\",\"description\":\"Webanalitika, n\u00f6veked\u00e9s \u00f6szt\u00f6nz\u00e9s\",\"publisher\":{\"@id\":\"https:\\\/\\\/fit2grow.io\\\/#organization\"},\"potentialAction\":[{\"@type\":\"SearchAction\",\"target\":{\"@type\":\"EntryPoint\",\"urlTemplate\":\"https:\\\/\\\/fit2grow.io\\\/?s={search_term_string}\"},\"query-input\":{\"@type\":\"PropertyValueSpecification\",\"valueRequired\":true,\"valueName\":\"search_term_string\"}}],\"inLanguage\":\"de\"},{\"@type\":\"Organization\",\"@id\":\"https:\\\/\\\/fit2grow.io\\\/#organization\",\"name\":\"fit2grow.io\",\"url\":\"https:\\\/\\\/fit2grow.io\\\/\",\"logo\":{\"@type\":\"ImageObject\",\"inLanguage\":\"de\",\"@id\":\"https:\\\/\\\/fit2grow.io\\\/#\\\/schema\\\/logo\\\/image\\\/\",\"url\":\"https:\\\/\\\/fit2grow.io\\\/wp-content\\\/uploads\\\/2023\\\/01\\\/cropped-Fit2Grow-icon-inverse.png\",\"contentUrl\":\"https:\\\/\\\/fit2grow.io\\\/wp-content\\\/uploads\\\/2023\\\/01\\\/cropped-Fit2Grow-icon-inverse.png\",\"width\":512,\"height\":512,\"caption\":\"fit2grow.io\"},\"image\":{\"@id\":\"https:\\\/\\\/fit2grow.io\\\/#\\\/schema\\\/logo\\\/image\\\/\"},\"sameAs\":[\"https:\\\/\\\/www.linkedin.com\\\/company\\\/42431305\\\/\"]}]}<\/script>\n<!-- \/ Yoast SEO plugin. -->","yoast_head_json":{"title":"Solutions | Fit 2 Grow","robots":{"index":"noindex","follow":"nofollow"},"og_locale":"de_DE","og_type":"article","og_title":"Solutions | Fit 2 Grow","og_url":"https:\/\/fit2grow.io\/de\/solutions\/","og_site_name":"fit2grow.io","article_modified_time":"2026-04-13T10:59:43+00:00","twitter_card":"summary_large_image","twitter_misc":{"Gesch\u00e4tzte Lesezeit":"1\u00a0Minute"},"schema":{"@context":"https:\/\/schema.org","@graph":[{"@type":"WebPage","@id":"https:\/\/fit2grow.io\/solutions\/","url":"https:\/\/fit2grow.io\/solutions\/","name":"Solutions | Fit 2 Grow","isPartOf":{"@id":"https:\/\/fit2grow.io\/#website"},"datePublished":"2026-04-13T10:21:40+00:00","dateModified":"2026-04-13T10:59:43+00:00","breadcrumb":{"@id":"https:\/\/fit2grow.io\/solutions\/#breadcrumb"},"inLanguage":"de","potentialAction":[{"@type":"ReadAction","target":["https:\/\/fit2grow.io\/solutions\/"]}]},{"@type":"BreadcrumbList","@id":"https:\/\/fit2grow.io\/solutions\/#breadcrumb","itemListElement":[{"@type":"ListItem","position":1,"name":"Home","item":"https:\/\/fit2grow.io\/"},{"@type":"ListItem","position":2,"name":"Solutions"}]},{"@type":"WebSite","@id":"https:\/\/fit2grow.io\/#website","url":"https:\/\/fit2grow.io\/","name":"fit2grow.io","description":"Webanalitika, n\u00f6veked\u00e9s \u00f6szt\u00f6nz\u00e9s","publisher":{"@id":"https:\/\/fit2grow.io\/#organization"},"potentialAction":[{"@type":"SearchAction","target":{"@type":"EntryPoint","urlTemplate":"https:\/\/fit2grow.io\/?s={search_term_string}"},"query-input":{"@type":"PropertyValueSpecification","valueRequired":true,"valueName":"search_term_string"}}],"inLanguage":"de"},{"@type":"Organization","@id":"https:\/\/fit2grow.io\/#organization","name":"fit2grow.io","url":"https:\/\/fit2grow.io\/","logo":{"@type":"ImageObject","inLanguage":"de","@id":"https:\/\/fit2grow.io\/#\/schema\/logo\/image\/","url":"https:\/\/fit2grow.io\/wp-content\/uploads\/2023\/01\/cropped-Fit2Grow-icon-inverse.png","contentUrl":"https:\/\/fit2grow.io\/wp-content\/uploads\/2023\/01\/cropped-Fit2Grow-icon-inverse.png","width":512,"height":512,"caption":"fit2grow.io"},"image":{"@id":"https:\/\/fit2grow.io\/#\/schema\/logo\/image\/"},"sameAs":["https:\/\/www.linkedin.com\/company\/42431305\/"]}]}},"_links":{"self":[{"href":"https:\/\/fit2grow.io\/de\/wp-json\/wp\/v2\/pages\/7535","targetHints":{"allow":["GET"]}}],"collection":[{"href":"https:\/\/fit2grow.io\/de\/wp-json\/wp\/v2\/pages"}],"about":[{"href":"https:\/\/fit2grow.io\/de\/wp-json\/wp\/v2\/types\/page"}],"author":[{"embeddable":true,"href":"https:\/\/fit2grow.io\/de\/wp-json\/wp\/v2\/users\/1"}],"replies":[{"embeddable":true,"href":"https:\/\/fit2grow.io\/de\/wp-json\/wp\/v2\/comments?post=7535"}],"version-history":[{"count":6,"href":"https:\/\/fit2grow.io\/de\/wp-json\/wp\/v2\/pages\/7535\/revisions"}],"predecessor-version":[{"id":7681,"href":"https:\/\/fit2grow.io\/de\/wp-json\/wp\/v2\/pages\/7535\/revisions\/7681"}],"wp:attachment":[{"href":"https:\/\/fit2grow.io\/de\/wp-json\/wp\/v2\/media?parent=7535"}],"curies":[{"name":"wp","href":"https:\/\/api.w.org\/{rel}","templated":true}]}}